{"id":118,"date":"2011-09-10T12:35:42","date_gmt":"2011-09-10T15:35:42","guid":{"rendered":"http:\/\/scdrj.org.br\/?page_id=118"},"modified":"2022-07-23T14:16:36","modified_gmt":"2022-07-23T17:16:36","slug":"aposentadoria-especial","status":"publish","type":"page","link":"https:\/\/scdrj.org.br\/2022\/juridico\/aposentadoria-especial\/","title":{"rendered":"Aposentadoria Especial"},"content":{"rendered":"<div id='full_slider_1'  class='avia-fullwidth-slider main_color avia-shadow   avia-builder-el-0  el_before_av_textblock  avia-builder-el-first   container_wrap sidebar_right'  ><div  class='avia-slideshow av-av_slideshow_full-b6ad6f5016cce3c4a8f312d8fa26af64 avia-slideshow-featured av_slideshow_full avia-slide-slider av-slideshow-ui av-control-default av-slideshow-manual av-loop-once av-loop-manual-endless av-default-height-applied   avia-slideshow-1' data-slideshow-options=\"{&quot;animation&quot;:&quot;slide&quot;,&quot;autoplay&quot;:false,&quot;loop_autoplay&quot;:&quot;once&quot;,&quot;interval&quot;:5,&quot;loop_manual&quot;:&quot;manual-endless&quot;,&quot;autoplay_stopper&quot;:false,&quot;noNavigation&quot;:false,&quot;bg_slider&quot;:false,&quot;keep_padding&quot;:false,&quot;hoverpause&quot;:false,&quot;show_slide_delay&quot;:0}\"  itemprop=\"image\" itemscope=\"itemscope\" itemtype=\"https:\/\/schema.org\/ImageObject\" ><ul class='avia-slideshow-inner ' style='padding-bottom: 28.666666666667%;'><li  class='avia-slideshow-slide av-av_slideshow_full-b6ad6f5016cce3c4a8f312d8fa26af64__0  av-single-slide slide-1 slide-odd'><div data-rel='slideshow-1' class='avia-slide-wrap '   ><img decoding=\"async\" class=\"wp-image-3441 avia-img-lazy-loading-not-3441\"  src=\"https:\/\/scdrj.org.br\/2022\/wp-content\/uploads\/2022\/07\/SCDRJ-capa-01-a-e1658452294812-1500x430.jpg\" width=\"1500\" height=\"430\" title='SCDRJ-capa-01-a' alt=''  itemprop=\"thumbnailUrl\"   \/><\/div><\/li><\/ul><\/div><\/div><div id='after_full_slider_1'  class='main_color av_default_container_wrap container_wrap sidebar_right'  ><div class='container av-section-cont-open' ><div class='template-page content  av-content-small alpha units'><div class='post-entry post-entry-type-page post-entry-118'><div class='entry-content-wrapper clearfix'>\n<section  class='av_textblock_section av-av_textblock-c485d65446d5a40a7b5bbc25f444d469'  itemscope=\"itemscope\" itemtype=\"https:\/\/schema.org\/CreativeWork\" ><div class='avia_textblock'  itemprop=\"text\" ><h1 style=\"text-align: justify;\">Aposentadoria Especial<\/h1>\n<p style=\"text-align: justify;\">Benef\u00edcio concedido ao segurado que tenha trabalhado em condi\u00e7\u00f5es prejudiciais \u00e0 sa\u00fade ou \u00e0 integridade f\u00edsica. Para ter direito \u00e0 aposentadoria especial, o trabalhador dever\u00e1 comprovar, al\u00e9m do tempo de trabalho, efetiva exposi\u00e7\u00e3o aos agentes nocivos qu\u00edmicos, f\u00edsicos, biol\u00f3gicos ou associa\u00e7\u00e3o de agentes prejudiciais pelo per\u00edodo exigido para a concess\u00e3o do benef\u00edcio (15, 20 ou 25 anos).<\/p>\n<p style=\"text-align: justify;\">A aposentadoria especial ser\u00e1 devida ao segurado empregado, trabalhador avulso e contribuinte individual (cirurgi\u00e3o-dentista aut\u00f4nomo), este somente quando cooperado filiado a cooperativa de trabalho ou de produ\u00e7\u00e3o. Al\u00e9m disso, a exposi\u00e7\u00e3o aos agentes nocivos dever\u00e1 ter ocorrido de modo habitual e permanente, n\u00e3o ocasional nem intermitente.<\/p>\n<p style=\"text-align: justify;\">Para ter direito \u00e0 aposentadoria especial, \u00e9 necess\u00e1rio tamb\u00e9m o cumprimento da car\u00eancia, que corresponde ao n\u00famero m\u00ednimo de contribui\u00e7\u00f5es mensais indispens\u00e1veis para que o segurado fa\u00e7a jus ao benef\u00edcio. Os inscritos a partir de 25 de julho de 1991 devem ter, pelo menos, 180 contribui\u00e7\u00f5es mensais. Os filiados antes dessa data t\u00eam de seguir a tabela progressiva. A perda da qualidade de segurado n\u00e3o ser\u00e1 considerada para concess\u00e3o de aposentadoria especial, segundo a Lei n\u00ba 10.666\/03.<\/p>\n<p style=\"text-align: justify;\">A comprova\u00e7\u00e3o de exposi\u00e7\u00e3o aos agentes nocivos ser\u00e1 feita por formul\u00e1rio denominado Perfil Profissiogr\u00e1fico Previdenci\u00e1rio (PPP), preenchido pela empresa ou seu preposto, com base em Laudo T\u00e9cnico de Condi\u00e7\u00f5es Ambientais de Trabalho (LTCAT) expedido por m\u00e9dico do trabalho ou engenheiro de seguran\u00e7a do trabalho.<\/p>\n<p style=\"text-align: justify;\"><strong>O que \u00e9 o Perfil Profissiogr\u00e1fico Previdenci\u00e1rio &#8211; PPP?<\/strong><\/p>\n<p style=\"text-align: justify;\">O<strong> PPP<\/strong> \u00e9 o documento hist\u00f3rico-laboral do trabalhador que re\u00fane dados administrativos, registros ambientais e resultados de monitora\u00e7\u00e3o biol\u00f3gica, entre outras informa\u00e7\u00f5es, durante todo o per\u00edodo em que este exerceu suas atividades. Dever\u00e1 ser emitido e mantido atualizado pela empresa empregadora, no caso de empregado e pela cooperativa de trabalho ou de produ\u00e7\u00e3o, no caso de cooperado filiado.<\/p>\n<p style=\"text-align: justify;\">Os antigos formul\u00e1rios para requerimento de aposentadoria especial (<strong>SB-40, DISES-BE 5235, DSS-8030 e DIRBEN 8030<\/strong>) somente ser\u00e3o aceitos pelo INSS para per\u00edodos laborados at\u00e9 31\/12\/2003 e desde que emitidos at\u00e9 esta data, segundo os respectivos per\u00edodos de vig\u00eancia. Para os per\u00edodos trabalhados a partir de <strong>1\u00ba\/1\/2004<\/strong> ou formul\u00e1rios emitidos ap\u00f3s esta data, ser\u00e1 aceito apenas o PPP. O PPP poder\u00e1 conter informa\u00e7\u00f5es de todo o per\u00edodo trabalhado, ainda que exercido anteriormente a 1\u00ba\/1\/2004.<\/p>\n<p style=\"text-align: justify;\">A empresa \u00e9 obrigada a fornecer c\u00f3pia aut\u00eantica do PPP ao trabalhador em caso de rescis\u00e3o do contrato de trabalho ou de desfilia\u00e7\u00e3o da cooperativa.<\/p>\n<p style=\"text-align: justify;\">O segurado que tiver exercido sucessivamente duas ou mais atividades em condi\u00e7\u00f5es prejudiciais \u00e0 sa\u00fade ou integridade f\u00edsica, sem completar em qualquer delas o prazo m\u00ednimo para aposentadoria especial, poder\u00e1 somar os referidos per\u00edodos seguindo tabela de convers\u00e3o dispon\u00edvel no www.previdenciasocial.gov.br<\/p>\n<p style=\"text-align: justify;\"><strong>Documentos necess\u00e1rios para requerer o benef\u00edcio:<\/strong><\/p>\n<ul>\n<li>PIS<\/li>\n<li>Documento de identifica\u00e7\u00e3o (Carteira de Identidade, Carteira de Trabalho e Previd\u00eancia Social, entre outros);<\/li>\n<li>CPF;<\/li>\n<li>Para per\u00edodos laborados entre at\u00e9 31\/12\/2003*: formul\u00e1rio para requerimento de aposentadoria especial e Laudo T\u00e9cnico de Condi\u00e7\u00f5es Ambientais de Trabalho (LTCAT), para todos os agentes nocivos.<\/li>\n<li>Para per\u00edodos laborados a partir de 1\u00ba\/1\/2004*: Perfil Profissiogr\u00e1fico Previdenci\u00e1rio (PPP).<\/li>\n<li>Quando for apresentado o PPP abrangendo tamb\u00e9m os per\u00edodos laborados at\u00e9 31\/12\/2003, ser\u00e3o dispensados os demais documentos (antigos formul\u00e1rios e LTCAT). Em substitui\u00e7\u00e3o ao LTCAT, poder\u00e3o ser aceitos outros laudos t\u00e9cnicos, desde que em conformidade com a legisla\u00e7\u00e3o previdenci\u00e1ria.<\/li>\n<\/ul>\n<p style=\"text-align: justify;\">Para maiores informa\u00e7\u00f5es e agendamento eletr\u00f4nico acesse <a href=\"http:\/\/www.previdencia.gov.br\/servicos-ao-cidadao\/beneficios-do-inss\/\">http:\/\/www.previdencia.gov.br<\/a> ou pelo telefone <strong>135<\/strong>.<\/p>\n<\/div><\/section>\n","protected":false},"excerpt":{"rendered":"","protected":false},"author":1,"featured_media":0,"parent":17,"menu_order":10,"comment_status":"closed","ping_status":"closed","template":"","meta":{"footnotes":""},"class_list":["post-118","page","type-page","status-publish","hentry"],"_links":{"self":[{"href":"https:\/\/scdrj.org.br\/2022\/wp-json\/wp\/v2\/pages\/118","targetHints":{"allow":["GET"]}}],"collection":[{"href":"https:\/\/scdrj.org.br\/2022\/wp-json\/wp\/v2\/pages"}],"about":[{"href":"https:\/\/scdrj.org.br\/2022\/wp-json\/wp\/v2\/types\/page"}],"author":[{"embeddable":true,"href":"https:\/\/scdrj.org.br\/2022\/wp-json\/wp\/v2\/users\/1"}],"replies":[{"embeddable":true,"href":"https:\/\/scdrj.org.br\/2022\/wp-json\/wp\/v2\/comments?post=118"}],"version-history":[{"count":1,"href":"https:\/\/scdrj.org.br\/2022\/wp-json\/wp\/v2\/pages\/118\/revisions"}],"predecessor-version":[{"id":3539,"href":"https:\/\/scdrj.org.br\/2022\/wp-json\/wp\/v2\/pages\/118\/revisions\/3539"}],"up":[{"embeddable":true,"href":"https:\/\/scdrj.org.br\/2022\/wp-json\/wp\/v2\/pages\/17"}],"wp:attachment":[{"href":"https:\/\/scdrj.org.br\/2022\/wp-json\/wp\/v2\/media?parent=118"}],"curies":[{"name":"wp","href":"https:\/\/api.w.org\/{rel}","templated":true}]}}