{"id":126,"date":"2011-09-10T12:42:11","date_gmt":"2011-09-10T15:42:11","guid":{"rendered":"http:\/\/scdrj.org.br\/?page_id=126"},"modified":"2022-07-23T14:27:00","modified_gmt":"2022-07-23T17:27:00","slug":"orientacoes","status":"publish","type":"page","link":"https:\/\/scdrj.org.br\/2022\/juridico\/vigilancia-sanitaria\/orientacoes\/","title":{"rendered":"Orienta\u00e7\u00f5es"},"content":{"rendered":"<div id='full_slider_1'  class='avia-fullwidth-slider main_color avia-shadow   avia-builder-el-0  el_before_av_textblock  avia-builder-el-first   container_wrap sidebar_right'  ><div  class='avia-slideshow av-av_slideshow_full-b6ad6f5016cce3c4a8f312d8fa26af64 avia-slideshow-featured av_slideshow_full avia-slide-slider av-slideshow-ui av-control-default av-slideshow-manual av-loop-once av-loop-manual-endless av-default-height-applied   avia-slideshow-1' data-slideshow-options=\"{&quot;animation&quot;:&quot;slide&quot;,&quot;autoplay&quot;:false,&quot;loop_autoplay&quot;:&quot;once&quot;,&quot;interval&quot;:5,&quot;loop_manual&quot;:&quot;manual-endless&quot;,&quot;autoplay_stopper&quot;:false,&quot;noNavigation&quot;:false,&quot;bg_slider&quot;:false,&quot;keep_padding&quot;:false,&quot;hoverpause&quot;:false,&quot;show_slide_delay&quot;:0}\"  itemprop=\"image\" itemscope=\"itemscope\" itemtype=\"https:\/\/schema.org\/ImageObject\" ><ul class='avia-slideshow-inner ' style='padding-bottom: 28.666666666667%;'><li  class='avia-slideshow-slide av-av_slideshow_full-b6ad6f5016cce3c4a8f312d8fa26af64__0  av-single-slide slide-1 slide-odd'><div data-rel='slideshow-1' class='avia-slide-wrap '   ><img decoding=\"async\" class=\"wp-image-3441 avia-img-lazy-loading-not-3441\"  src=\"https:\/\/scdrj.org.br\/2022\/wp-content\/uploads\/2022\/07\/SCDRJ-capa-01-a-e1658452294812-1500x430.jpg\" width=\"1500\" height=\"430\" title='SCDRJ-capa-01-a' alt=''  itemprop=\"thumbnailUrl\"   \/><\/div><\/li><\/ul><\/div><\/div><div id='after_full_slider_1'  class='main_color av_default_container_wrap container_wrap sidebar_right'  ><div class='container av-section-cont-open' ><div class='template-page content  av-content-small alpha units'><div class='post-entry post-entry-type-page post-entry-126'><div class='entry-content-wrapper clearfix'>\n<section  class='av_textblock_section av-av_textblock-c485d65446d5a40a7b5bbc25f444d469'  itemscope=\"itemscope\" itemtype=\"https:\/\/schema.org\/CreativeWork\" ><div class='avia_textblock'  itemprop=\"text\" ><h1>Orienta\u00e7\u00f5es<\/h1>\n<p>Veja as orienta\u00e7\u00f5es da Vigil\u00e2ncia Sanit\u00e1ria para Consult\u00f3rios Odontol\u00f3gicos \u2013 Esteriliza\u00e7\u00e3o e Reesteriliza\u00e7\u00e3o:<\/p>\n<p><a href=\"http:\/\/scdrj.org.br\/download\/consultorio_odontologicos_esterilizacao_e_reesterilizacao_de_artigos.pdf\">Consult\u00f3rios odontol\u00f3gicos Esteriliza\u00e7\u00e3o e Reesteriliza\u00e7\u00e3o de Artigos<\/a><\/p>\n<p style=\"text-align: center;\"><strong>VIGIL\u00c2NCIA E FISCALIZA\u00c7\u00c3O SANIT\u00c1RIA DO MUNIC\u00cdPIO DO RIO DE JANEIRO<\/strong><br \/>\nRua do Lavradio, n\u00ba 180 Centro.<br \/>\nHor\u00e1rio de atendimento: 09:00 \u00e0s 16:00 horas<br \/>\nInforma\u00e7\u00f5es pelo <strong>Tel: 1746<br \/>\n<\/strong><a href=\"http:\/\/www.rio.rj.gov.br\/web\/vigilanciasanitaria\">http:\/\/www.rio.rj.gov.br\/web\/vigilanciasanitaria\u00a0<\/a><\/p>\n<\/div><\/section>\n","protected":false},"excerpt":{"rendered":"","protected":false},"author":1,"featured_media":0,"parent":122,"menu_order":1,"comment_status":"closed","ping_status":"closed","template":"","meta":{"footnotes":""},"class_list":["post-126","page","type-page","status-publish","hentry"],"_links":{"self":[{"href":"https:\/\/scdrj.org.br\/2022\/wp-json\/wp\/v2\/pages\/126","targetHints":{"allow":["GET"]}}],"collection":[{"href":"https:\/\/scdrj.org.br\/2022\/wp-json\/wp\/v2\/pages"}],"about":[{"href":"https:\/\/scdrj.org.br\/2022\/wp-json\/wp\/v2\/types\/page"}],"author":[{"embeddable":true,"href":"https:\/\/scdrj.org.br\/2022\/wp-json\/wp\/v2\/users\/1"}],"replies":[{"embeddable":true,"href":"https:\/\/scdrj.org.br\/2022\/wp-json\/wp\/v2\/comments?post=126"}],"version-history":[{"count":1,"href":"https:\/\/scdrj.org.br\/2022\/wp-json\/wp\/v2\/pages\/126\/revisions"}],"predecessor-version":[{"id":3547,"href":"https:\/\/scdrj.org.br\/2022\/wp-json\/wp\/v2\/pages\/126\/revisions\/3547"}],"up":[{"embeddable":true,"href":"https:\/\/scdrj.org.br\/2022\/wp-json\/wp\/v2\/pages\/122"}],"wp:attachment":[{"href":"https:\/\/scdrj.org.br\/2022\/wp-json\/wp\/v2\/media?parent=126"}],"curies":[{"name":"wp","href":"https:\/\/api.w.org\/{rel}","templated":true}]}}