{"id":1301,"date":"2012-07-31T14:46:13","date_gmt":"2012-07-31T17:46:13","guid":{"rendered":"http:\/\/scdrj.org.br\/?page_id=1301"},"modified":"2022-07-22T08:51:59","modified_gmt":"2022-07-22T11:51:59","slug":"cadastro-nacional-de-estabelecimentos-de-saude","status":"publish","type":"page","link":"https:\/\/scdrj.org.br\/2022\/cadastro-nacional-de-estabelecimentos-de-saude\/","title":{"rendered":"Cadastro Nacional de Estabelecimentos de Sa\u00fade"},"content":{"rendered":"<div id='full_slider_1'  class='avia-fullwidth-slider main_color avia-shadow   avia-builder-el-0  el_before_av_textblock  avia-builder-el-first   container_wrap sidebar_right'  ><div  class='avia-slideshow av-5pg2px-75d9e1879d893e647924bd39507b8539 avia-slideshow-featured av_slideshow_full avia-slide-slider av-slideshow-ui av-control-default av-slideshow-manual av-loop-once av-loop-manual-endless av-default-height-applied   avia-slideshow-1' data-slideshow-options=\"{&quot;animation&quot;:&quot;slide&quot;,&quot;autoplay&quot;:false,&quot;loop_autoplay&quot;:&quot;once&quot;,&quot;interval&quot;:5,&quot;loop_manual&quot;:&quot;manual-endless&quot;,&quot;autoplay_stopper&quot;:false,&quot;noNavigation&quot;:false,&quot;bg_slider&quot;:false,&quot;keep_padding&quot;:false,&quot;hoverpause&quot;:false,&quot;show_slide_delay&quot;:0}\"  itemprop=\"image\" itemscope=\"itemscope\" itemtype=\"https:\/\/schema.org\/ImageObject\" ><ul class='avia-slideshow-inner ' style='padding-bottom: 28.666666666667%;'><li  class='avia-slideshow-slide av-5pg2px-75d9e1879d893e647924bd39507b8539__0  av-single-slide slide-1 slide-odd'><div data-rel='slideshow-1' class='avia-slide-wrap '   ><img decoding=\"async\" class=\"wp-image-3441 avia-img-lazy-loading-not-3441\"  src=\"https:\/\/scdrj.org.br\/2022\/wp-content\/uploads\/2022\/07\/SCDRJ-capa-01-a-e1658452294812-1500x430.jpg\" width=\"1500\" height=\"430\" title='SCDRJ-capa-01-a' alt=''  itemprop=\"thumbnailUrl\"   \/><\/div><\/li><\/ul><\/div><\/div><div id='after_full_slider_1'  class='main_color av_default_container_wrap container_wrap sidebar_right'  ><div class='container av-section-cont-open' ><div class='template-page content  av-content-small alpha units'><div class='post-entry post-entry-type-page post-entry-1301'><div class='entry-content-wrapper clearfix'>\n<section  class='av_textblock_section av-33riol-2d890eb6516b3fc049ae3fbafa642b84'  itemscope=\"itemscope\" itemtype=\"https:\/\/schema.org\/CreativeWork\" ><div class='avia_textblock'  itemprop=\"text\" ><h1 style=\"text-align: center;\"><strong>Cadastro Nacional de Estabelecimentos de Sa\u00fade (CNES)<\/strong><\/h1>\n<p style=\"text-align: justify;\"><span style=\"text-align: justify;\">Alguns conv\u00eanios odontol\u00f3gicos est\u00e3o exigindo a comprova\u00e7\u00e3o de que o cirurgi\u00e3o-dentista conveniado esteja inscrito no <strong>Cadastro Nacional de Estabelecimentos de Sa\u00fade &#8211; CNES (<a href=\"http:\/\/scdrj.org.br\/?page_id=1307\">Portaria SAS 511\/2000<\/a>)<\/strong>.<\/span><\/p>\n<p style=\"text-align: justify;\"><span style=\"text-align: justify;\">O <strong>CNES<\/strong> \u00e9 a base para operacionalizar os Sistemas de Informa\u00e7\u00f5es em Sa\u00fade e t\u00eam abrang\u00eancia nacional e sua gest\u00e3o \u00e9 exercida pelos munic\u00edpios.<\/span><\/p>\n<p style=\"text-align: center;\"><strong>Informa\u00e7\u00f5es na Secretaria Municipal de Sa\u00fade\/RJ<br \/>\n<\/strong><strong>pelos telefones 1746<br \/>\nAv. Afonso Cavalcante, 455, 7\u00ba andar, Cidade Nova<br \/>\n<\/strong><strong><a href=\"http:\/\/www.rio.rj.gov.br\/dlstatic\/10112\/6738450\/4187521\/InstrutivoSCNESPPsimplificado.pdf\">Clique aqui e efetue o seu cadastro<\/a><\/strong><\/p>\n<\/div><\/section>\n","protected":false},"excerpt":{"rendered":"","protected":false},"author":1,"featured_media":0,"parent":0,"menu_order":0,"comment_status":"closed","ping_status":"closed","template":"","meta":{"footnotes":""},"class_list":["post-1301","page","type-page","status-publish","hentry"],"_links":{"self":[{"href":"https:\/\/scdrj.org.br\/2022\/wp-json\/wp\/v2\/pages\/1301","targetHints":{"allow":["GET"]}}],"collection":[{"href":"https:\/\/scdrj.org.br\/2022\/wp-json\/wp\/v2\/pages"}],"about":[{"href":"https:\/\/scdrj.org.br\/2022\/wp-json\/wp\/v2\/types\/page"}],"author":[{"embeddable":true,"href":"https:\/\/scdrj.org.br\/2022\/wp-json\/wp\/v2\/users\/1"}],"replies":[{"embeddable":true,"href":"https:\/\/scdrj.org.br\/2022\/wp-json\/wp\/v2\/comments?post=1301"}],"version-history":[{"count":2,"href":"https:\/\/scdrj.org.br\/2022\/wp-json\/wp\/v2\/pages\/1301\/revisions"}],"predecessor-version":[{"id":3500,"href":"https:\/\/scdrj.org.br\/2022\/wp-json\/wp\/v2\/pages\/1301\/revisions\/3500"}],"wp:attachment":[{"href":"https:\/\/scdrj.org.br\/2022\/wp-json\/wp\/v2\/media?parent=1301"}],"curies":[{"name":"wp","href":"https:\/\/api.w.org\/{rel}","templated":true}]}}