{"id":1320,"date":"2012-08-15T14:15:24","date_gmt":"2012-08-15T17:15:24","guid":{"rendered":"http:\/\/scdrj.org.br\/?page_id=1320"},"modified":"2022-07-21T23:17:09","modified_gmt":"2022-07-22T02:17:09","slug":"direitos-dos-sindicalizados","status":"publish","type":"page","link":"https:\/\/scdrj.org.br\/2022\/direitos-dos-sindicalizados\/","title":{"rendered":"Direitos dos sindicalizados"},"content":{"rendered":"<div id='full_slider_1'  class='avia-fullwidth-slider main_color avia-shadow   avia-builder-el-0  el_before_av_textblock  avia-builder-el-first   container_wrap sidebar_right'  ><div  class='avia-slideshow av-5ig8dk-01f4605d077cd1f0a320b7489e869a21 avia-slideshow-featured av_slideshow_full avia-slide-slider av-slideshow-ui av-control-default av-slideshow-manual av-loop-once av-loop-manual-endless av-default-height-applied   avia-slideshow-1' data-slideshow-options=\"{&quot;animation&quot;:&quot;slide&quot;,&quot;autoplay&quot;:false,&quot;loop_autoplay&quot;:&quot;once&quot;,&quot;interval&quot;:5,&quot;loop_manual&quot;:&quot;manual-endless&quot;,&quot;autoplay_stopper&quot;:false,&quot;noNavigation&quot;:false,&quot;bg_slider&quot;:false,&quot;keep_padding&quot;:false,&quot;hoverpause&quot;:false,&quot;show_slide_delay&quot;:0}\"  itemprop=\"image\" itemscope=\"itemscope\" itemtype=\"https:\/\/schema.org\/ImageObject\" ><ul class='avia-slideshow-inner ' style='padding-bottom: 28.666666666667%;'><li  class='avia-slideshow-slide av-5ig8dk-01f4605d077cd1f0a320b7489e869a21__0  av-single-slide slide-1 slide-odd'><div data-rel='slideshow-1' class='avia-slide-wrap '   ><img decoding=\"async\" class=\"wp-image-3441 avia-img-lazy-loading-not-3441\"  src=\"https:\/\/scdrj.org.br\/2022\/wp-content\/uploads\/2022\/07\/SCDRJ-capa-01-a-e1658452294812-1500x430.jpg\" width=\"1500\" height=\"430\" title='SCDRJ-capa-01-a' alt=''  itemprop=\"thumbnailUrl\"   \/><\/div><\/li><\/ul><\/div><\/div><div id='after_full_slider_1'  class='main_color av_default_container_wrap container_wrap sidebar_right'  ><div class='container av-section-cont-open' ><div class='template-page content  av-content-small alpha units'><div class='post-entry post-entry-type-page post-entry-1320'><div class='entry-content-wrapper clearfix'>\n<section  class='av_textblock_section av-2i1eu0-6aa7a44476587d1bca7b4d2741be1e11'  itemscope=\"itemscope\" itemtype=\"https:\/\/schema.org\/CreativeWork\" ><div class='avia_textblock'  itemprop=\"text\" ><h1 style=\"text-align: left;\"><strong>Direitos dos sindicalizados<\/strong><\/h1>\n<p><strong>Ao sindicalizado \u00e9 assegurado os seguintes direitos:<\/strong><\/p>\n<p>\u2022 ORIENTA\u00c7\u00d5ES JUR\u00cdDICAS (trabalhista, c\u00edvel, administrativa e ju\u00edzado de pequenas causas);<\/p>\n<p>\u2022 TABELA DE HONOR\u00c1RIOS PROFISSIONAIS;<\/p>\n<p>\u2022 PUBLICA\u00c7\u00c3O DE AN\u00daNCIOS NO CLASSIODONTO;<\/p>\n<p>\u2022 PARTICIPA\u00c7\u00c3O NO CLUBE DO SCDRJ.<\/p>\n<\/div><\/section>\n","protected":false},"excerpt":{"rendered":"","protected":false},"author":1,"featured_media":0,"parent":0,"menu_order":0,"comment_status":"closed","ping_status":"closed","template":"","meta":{"footnotes":""},"class_list":["post-1320","page","type-page","status-publish","hentry"],"_links":{"self":[{"href":"https:\/\/scdrj.org.br\/2022\/wp-json\/wp\/v2\/pages\/1320","targetHints":{"allow":["GET"]}}],"collection":[{"href":"https:\/\/scdrj.org.br\/2022\/wp-json\/wp\/v2\/pages"}],"about":[{"href":"https:\/\/scdrj.org.br\/2022\/wp-json\/wp\/v2\/types\/page"}],"author":[{"embeddable":true,"href":"https:\/\/scdrj.org.br\/2022\/wp-json\/wp\/v2\/users\/1"}],"replies":[{"embeddable":true,"href":"https:\/\/scdrj.org.br\/2022\/wp-json\/wp\/v2\/comments?post=1320"}],"version-history":[{"count":3,"href":"https:\/\/scdrj.org.br\/2022\/wp-json\/wp\/v2\/pages\/1320\/revisions"}],"predecessor-version":[{"id":3494,"href":"https:\/\/scdrj.org.br\/2022\/wp-json\/wp\/v2\/pages\/1320\/revisions\/3494"}],"wp:attachment":[{"href":"https:\/\/scdrj.org.br\/2022\/wp-json\/wp\/v2\/media?parent=1320"}],"curies":[{"name":"wp","href":"https:\/\/api.w.org\/{rel}","templated":true}]}}