{"id":135,"date":"2011-09-10T12:55:52","date_gmt":"2011-09-10T15:55:52","guid":{"rendered":"http:\/\/scdrj.org.br\/?page_id=135"},"modified":"2022-07-23T14:29:06","modified_gmt":"2022-07-23T17:29:06","slug":"taxa-de-inspecao-sanitaria","status":"publish","type":"page","link":"https:\/\/scdrj.org.br\/2022\/juridico\/vigilancia-sanitaria\/taxa-de-inspecao-sanitaria\/","title":{"rendered":"Taxa de Inspe\u00e7\u00e3o Sanit\u00e1ria"},"content":{"rendered":"<div id='full_slider_1'  class='avia-fullwidth-slider main_color avia-shadow   avia-builder-el-0  el_before_av_textblock  avia-builder-el-first   container_wrap sidebar_right'  ><div  class='avia-slideshow av-av_slideshow_full-b6ad6f5016cce3c4a8f312d8fa26af64 avia-slideshow-featured av_slideshow_full avia-slide-slider av-slideshow-ui av-control-default av-slideshow-manual av-loop-once av-loop-manual-endless av-default-height-applied   avia-slideshow-1' data-slideshow-options=\"{&quot;animation&quot;:&quot;slide&quot;,&quot;autoplay&quot;:false,&quot;loop_autoplay&quot;:&quot;once&quot;,&quot;interval&quot;:5,&quot;loop_manual&quot;:&quot;manual-endless&quot;,&quot;autoplay_stopper&quot;:false,&quot;noNavigation&quot;:false,&quot;bg_slider&quot;:false,&quot;keep_padding&quot;:false,&quot;hoverpause&quot;:false,&quot;show_slide_delay&quot;:0}\"  itemprop=\"image\" itemscope=\"itemscope\" itemtype=\"https:\/\/schema.org\/ImageObject\" ><ul class='avia-slideshow-inner ' style='padding-bottom: 28.666666666667%;'><li  class='avia-slideshow-slide av-av_slideshow_full-b6ad6f5016cce3c4a8f312d8fa26af64__0  av-single-slide slide-1 slide-odd'><div data-rel='slideshow-1' class='avia-slide-wrap '   ><img decoding=\"async\" class=\"wp-image-3441 avia-img-lazy-loading-not-3441\"  src=\"https:\/\/scdrj.org.br\/2022\/wp-content\/uploads\/2022\/07\/SCDRJ-capa-01-a-e1658452294812-1500x430.jpg\" width=\"1500\" height=\"430\" title='SCDRJ-capa-01-a' alt=''  itemprop=\"thumbnailUrl\"   \/><\/div><\/li><\/ul><\/div><\/div><div id='after_full_slider_1'  class='main_color av_default_container_wrap container_wrap sidebar_right'  ><div class='container av-section-cont-open' ><div class='template-page content  av-content-small alpha units'><div class='post-entry post-entry-type-page post-entry-135'><div class='entry-content-wrapper clearfix'>\n<section  class='av_textblock_section av-av_textblock-c485d65446d5a40a7b5bbc25f444d469'  itemscope=\"itemscope\" itemtype=\"https:\/\/schema.org\/CreativeWork\" ><div class='avia_textblock'  itemprop=\"text\" ><h1>Taxa de Inspe\u00e7\u00e3o Sanit\u00e1ria (Lei 3763, de 02\/06\/04)<\/h1>\n<p>\u201c<strong>Art. 59.<\/strong> A Taxa de Inspe\u00e7\u00e3o Sanit\u00e1ria tem como fato gerador o exerc\u00edcio regular, pelo \u00f3rg\u00e3o de Vigil\u00e2ncia Sanit\u00e1ria Municipal, com o poder de pol\u00edcia de autoriza\u00e7\u00e3o, vigil\u00e2ncia e fiscaliza\u00e7\u00e3o das instala\u00e7\u00f5es e atividades de pessoa f\u00edsica ou jur\u00eddica, estabelecida ou n\u00e3o, que:<\/p>\n<p><strong>II &#8211;<\/strong> explore estabelecimentos e\/ou preste servi\u00e7os de interesse \u00e0 sa\u00fade:<\/p>\n<p><strong>h)<\/strong> consult\u00f3rios e cl\u00ednicas odontol\u00f3gicas, ambas com ou sem radiologia intra-oral;<\/p>\n<p><strong>Art. 60<\/strong>&#8230;&#8230;&#8230;&#8230;&#8230;&#8230;&#8230;&#8230;&#8230;&#8230;&#8230;&#8230;&#8230;&#8230;&#8230;&#8230;&#8230;&#8230;&#8230;&#8230;&#8230;&#8230;&#8230;&#8230;&#8230;&#8230;&#8230;&#8230;&#8230;&#8230;&#8230;&#8230;&#8230;&#8230;&#8230;&#8230;&#8230;&#8230;.<\/p>\n<p><strong>\u00a7 1.\u00b0<\/strong> A Taxa de Inspe\u00e7\u00e3o Sanit\u00e1ria ser\u00e1 anual, ressalvados os itens \u201ce\u201d, \u201ci\u201d, \u201cj\u201d, \u201ck\u201d, \u201cl\u201d e \u201cm\u201d do inciso II da Tabela XVIII-A que integra o Anexo desta Lei.<\/p>\n<p><strong>\u00a7 2.\u00b0<\/strong> A Taxa de Inspe\u00e7\u00e3o Sanit\u00e1ria a que se refere o art. 59 ser\u00e1 destinada exclusivamente para a Vigil\u00e2ncia Sanit\u00e1ria Municipal no \u00e2mbito das suas compet\u00eancias.\u201d (NR)<\/p>\n<p>\u201c<strong>Art.61<\/strong>&#8230;&#8230;&#8230;&#8230;&#8230;&#8230;&#8230;&#8230;&#8230;&#8230;&#8230;&#8230;&#8230;&#8230;&#8230;&#8230;&#8230;&#8230;&#8230;&#8230;&#8230;&#8230;&#8230;&#8230;&#8230;&#8230;&#8230;&#8230;&#8230;&#8230;&#8230;&#8230;&#8230;&#8230;&#8230;&#8230;&#8230;&#8230;&#8230;<\/p>\n<p><strong>II \u2013<\/strong> quando da emiss\u00e3o da autoriza\u00e7\u00e3o, nos casos de exerc\u00edcio de atividade de car\u00e1ter transit\u00f3rio, com\u00e9rcio ambulante ou feiras livres.<\/p>\n<p><strong>TABELA XVIII-A<\/strong><\/p>\n<p>Valores com reajuste de 4,18% com base no IPCA-E para o exerc\u00edcio de 2010<\/p>\n<p><strong>I \u2014 ESTABELECIMENTOS<\/strong><\/p>\n<p><strong>\u00a0a)<\/strong>\u00a0at\u00e9 cinq\u00fcenta metros quadrados e fra\u00e7\u00e3o\u00a092,11<\/p>\n<p><strong>b)<\/strong> de cinq\u00fcenta e um metros quadrados a cem metros quadrados\u00a0184,26<\/p>\n<p><strong>c)<\/strong>\u00a0de cento e um metros quadrados a cento e cinq\u00fcenta metros quadrados \u00a0276,41<\/p>\n<p><strong>d)<\/strong>\u00a0de cento e cinq\u00fcenta e um metros quadrados a duzentos metros quadrados\u00a0368,57<\/p>\n<p><strong>e)\u00a0<\/strong>de duzentos e um metros quadrados a trezentos metros quadrados\u00a0460,71<\/p>\n<p><strong>f)\u00a0<\/strong>de trezentos e um metros quadrados a trezentos e cinq\u00fcenta metros quadrados\u00a0552,88<\/p>\n<p><strong>g)\u00a0<\/strong>de trezentos e cinq\u00fcenta e um metros quadrados a quatrocentos metros quadrados\u00a0645,00<\/p>\n<p><strong>h)<\/strong>\u00a0de quatrocentos e um metros quadrados a quinhentos metros quadrados\u00a0737,16<\/p>\n<p><strong>i)<\/strong>\u00a0de quinhentos e um metros quadrados a seiscentos metros quadrados\u00a0796,13<\/p>\n<p><strong>j)<\/strong>\u00a0de seiscentos e um metros quadrados a mil metros quadrados\u00a0921,45<\/p>\n<p><strong>k)<\/strong>\u00a0de mil e um metros quadrados a mil e quinhentos metros quadrados\u00a0973,07<\/p>\n<p><strong>l)\u00a0<\/strong>de mil quinhentos e um metros quadrados em diante\u00a01.105,75<\/p>\n<p>A <strong>TIS<\/strong> \u00e9 paga anualmente, sendo encaminhada via correio ou retirada pela internet no site da Secretaria Municipal de Fazenda: <a title=\"TIS\" href=\"http:\/\/www2.rio.rj.gov.br\/smf\/darmtis\/\">http:\/\/www2.rio.rj.gov.br\/smf\/darmtis\/<\/a><\/p>\n<\/div><\/section>\n","protected":false},"excerpt":{"rendered":"","protected":false},"author":1,"featured_media":0,"parent":122,"menu_order":3,"comment_status":"closed","ping_status":"closed","template":"","meta":{"footnotes":""},"class_list":["post-135","page","type-page","status-publish","hentry"],"_links":{"self":[{"href":"https:\/\/scdrj.org.br\/2022\/wp-json\/wp\/v2\/pages\/135","targetHints":{"allow":["GET"]}}],"collection":[{"href":"https:\/\/scdrj.org.br\/2022\/wp-json\/wp\/v2\/pages"}],"about":[{"href":"https:\/\/scdrj.org.br\/2022\/wp-json\/wp\/v2\/types\/page"}],"author":[{"embeddable":true,"href":"https:\/\/scdrj.org.br\/2022\/wp-json\/wp\/v2\/users\/1"}],"replies":[{"embeddable":true,"href":"https:\/\/scdrj.org.br\/2022\/wp-json\/wp\/v2\/comments?post=135"}],"version-history":[{"count":1,"href":"https:\/\/scdrj.org.br\/2022\/wp-json\/wp\/v2\/pages\/135\/revisions"}],"predecessor-version":[{"id":3550,"href":"https:\/\/scdrj.org.br\/2022\/wp-json\/wp\/v2\/pages\/135\/revisions\/3550"}],"up":[{"embeddable":true,"href":"https:\/\/scdrj.org.br\/2022\/wp-json\/wp\/v2\/pages\/122"}],"wp:attachment":[{"href":"https:\/\/scdrj.org.br\/2022\/wp-json\/wp\/v2\/media?parent=135"}],"curies":[{"name":"wp","href":"https:\/\/api.w.org\/{rel}","templated":true}]}}