{"id":21,"date":"2011-08-26T13:27:25","date_gmt":"2011-08-26T16:27:25","guid":{"rendered":"http:\/\/localhost\/wordpress\/scdrj\/?page_id=21"},"modified":"2023-04-10T10:10:27","modified_gmt":"2023-04-10T13:10:27","slug":"aluguel","status":"publish","type":"page","link":"https:\/\/scdrj.org.br\/2022\/classificados\/aluguel\/","title":{"rendered":"Aluguel"},"content":{"rendered":"<div id='full_slider_1'  class='avia-fullwidth-slider main_color avia-shadow   avia-builder-el-0  el_before_av_textblock  avia-builder-el-first   container_wrap sidebar_right'  ><div  class='avia-slideshow av-2ad51-807a4f288ccf7e17777673db87406195 avia-slideshow-featured av_slideshow_full avia-slide-slider av-slideshow-ui av-control-default av-slideshow-manual av-loop-once av-loop-manual-endless av-default-height-applied   avia-slideshow-1' data-slideshow-options=\"{&quot;animation&quot;:&quot;slide&quot;,&quot;autoplay&quot;:false,&quot;loop_autoplay&quot;:&quot;once&quot;,&quot;interval&quot;:5,&quot;loop_manual&quot;:&quot;manual-endless&quot;,&quot;autoplay_stopper&quot;:false,&quot;noNavigation&quot;:false,&quot;bg_slider&quot;:false,&quot;keep_padding&quot;:false,&quot;hoverpause&quot;:false,&quot;show_slide_delay&quot;:0}\"  itemprop=\"image\" itemscope=\"itemscope\" itemtype=\"https:\/\/schema.org\/ImageObject\" ><ul class='avia-slideshow-inner ' style='padding-bottom: 28.666666666667%;'><li  class='avia-slideshow-slide av-2ad51-807a4f288ccf7e17777673db87406195__0  av-single-slide slide-1 slide-odd'><div data-rel='slideshow-1' class='avia-slide-wrap '   ><img decoding=\"async\" class=\"wp-image-3441 avia-img-lazy-loading-not-3441\"  src=\"https:\/\/scdrj.org.br\/2022\/wp-content\/uploads\/2022\/07\/SCDRJ-capa-01-a-e1658452294812-1500x430.jpg\" width=\"1500\" height=\"430\" title='SCDRJ-capa-01-a' alt=''  itemprop=\"thumbnailUrl\"   \/><\/div><\/li><\/ul><\/div><\/div><div id='after_full_slider_1'  class='main_color av_default_container_wrap container_wrap sidebar_right'  ><div class='container av-section-cont-open' ><div class='template-page content  av-content-small alpha units'><div class='post-entry post-entry-type-page post-entry-21'><div class='entry-content-wrapper clearfix'>\n<section  class='av_textblock_section av-11tqt-644332f62623ea25f9f584d2c31e68be'  itemscope=\"itemscope\" itemtype=\"https:\/\/schema.org\/CreativeWork\" ><div class='avia_textblock'  itemprop=\"text\" ><h1>Aluguel<\/h1>\n<p><strong>FLAMENGO.<\/strong>\u00a0Sala comercial (30m<sup>2<\/sup>) com consult\u00f3rio dent\u00e1rio instalado e divis\u00f3rias, pronto para trabalhar, na Praia do Flamengo, 66, Condom\u00ednio Flamengo Park Tower (vista para o Parque), 7\u00ba andar, vaga garagem. Aluguel R$2.000,00 \/ condom\u00ednio R$960,00 \/ IPTU R$300,00 (10X)<br \/>\nTelefone 98828-4498<\/p>\n<p><strong>VILA ISABEL.<\/strong> Consult\u00f3rio equipado em frente ao Hospital Pedro Ernesto, pr\u00e9dio novo, comercial, 2 elevadores, rampa para parapl\u00e9gico e vaga na garagem. Aluguel mensal+ condom\u00ednio. Tel: (21) 3309-3731\/3309-3143, Marineuza . Email: janvera@ig.com.br<\/p>\n<p><strong>BARRA DA TIJUCA.<\/strong> Cl\u00ednica no Shopping La Playa (atr\u00e1s do Alfa Barra I), seguran\u00e7a, amplo estacionamento. Tratar 2433-5631 \/ 9994-7658. Vide blog: http:\/\/clinicabarra.blogspot.com\/<\/p>\n<p><strong>BARRA DA TIJUCA.<\/strong> Hor\u00e1rios em consult\u00f3rio bem decorado e equipado no Shopping Millennium (Barra da Tijuca). Pre\u00e7o promocional para s\u00e1bado. Luciana, 2438-8289.<\/p>\n<p><strong>BOTAFOGO.<\/strong> Hor\u00e1rio em consult\u00f3rio, decorado, excelente edif\u00edcio, perto do metr\u00f4. Dra Viviane, 9222-2072 \/ 2526-2357.<\/p>\n<\/div><\/section>\n","protected":false},"excerpt":{"rendered":"","protected":false},"author":1,"featured_media":0,"parent":19,"menu_order":1,"comment_status":"closed","ping_status":"closed","template":"","meta":{"footnotes":""},"class_list":["post-21","page","type-page","status-publish","hentry"],"_links":{"self":[{"href":"https:\/\/scdrj.org.br\/2022\/wp-json\/wp\/v2\/pages\/21","targetHints":{"allow":["GET"]}}],"collection":[{"href":"https:\/\/scdrj.org.br\/2022\/wp-json\/wp\/v2\/pages"}],"about":[{"href":"https:\/\/scdrj.org.br\/2022\/wp-json\/wp\/v2\/types\/page"}],"author":[{"embeddable":true,"href":"https:\/\/scdrj.org.br\/2022\/wp-json\/wp\/v2\/users\/1"}],"replies":[{"embeddable":true,"href":"https:\/\/scdrj.org.br\/2022\/wp-json\/wp\/v2\/comments?post=21"}],"version-history":[{"count":4,"href":"https:\/\/scdrj.org.br\/2022\/wp-json\/wp\/v2\/pages\/21\/revisions"}],"predecessor-version":[{"id":3633,"href":"https:\/\/scdrj.org.br\/2022\/wp-json\/wp\/v2\/pages\/21\/revisions\/3633"}],"up":[{"embeddable":true,"href":"https:\/\/scdrj.org.br\/2022\/wp-json\/wp\/v2\/pages\/19"}],"wp:attachment":[{"href":"https:\/\/scdrj.org.br\/2022\/wp-json\/wp\/v2\/media?parent=21"}],"curies":[{"name":"wp","href":"https:\/\/api.w.org\/{rel}","templated":true}]}}