{"id":2488,"date":"2014-08-27T13:29:34","date_gmt":"2014-08-27T16:29:34","guid":{"rendered":"http:\/\/scdrj.org.br\/?page_id=2488"},"modified":"2022-07-22T09:02:10","modified_gmt":"2022-07-22T12:02:10","slug":"trabalho-comissionado-e-prestador-de-servico","status":"publish","type":"page","link":"https:\/\/scdrj.org.br\/2022\/trabalho-comissionado-e-prestador-de-servico\/","title":{"rendered":"Trabalho comissionado e prestador de servi\u00e7o"},"content":{"rendered":"<div id='full_slider_1'  class='avia-fullwidth-slider main_color avia-shadow   avia-builder-el-0  el_before_av_textblock  avia-builder-el-first   container_wrap sidebar_right'  ><div  class='avia-slideshow av-av_slideshow_full-b6ad6f5016cce3c4a8f312d8fa26af64 avia-slideshow-featured av_slideshow_full avia-slide-slider av-slideshow-ui av-control-default av-slideshow-manual av-loop-once av-loop-manual-endless av-default-height-applied   avia-slideshow-1' data-slideshow-options=\"{&quot;animation&quot;:&quot;slide&quot;,&quot;autoplay&quot;:false,&quot;loop_autoplay&quot;:&quot;once&quot;,&quot;interval&quot;:5,&quot;loop_manual&quot;:&quot;manual-endless&quot;,&quot;autoplay_stopper&quot;:false,&quot;noNavigation&quot;:false,&quot;bg_slider&quot;:false,&quot;keep_padding&quot;:false,&quot;hoverpause&quot;:false,&quot;show_slide_delay&quot;:0}\"  itemprop=\"image\" itemscope=\"itemscope\" itemtype=\"https:\/\/schema.org\/ImageObject\" ><ul class='avia-slideshow-inner ' style='padding-bottom: 28.666666666667%;'><li  class='avia-slideshow-slide av-av_slideshow_full-b6ad6f5016cce3c4a8f312d8fa26af64__0  av-single-slide slide-1 slide-odd'><div data-rel='slideshow-1' class='avia-slide-wrap '   ><img decoding=\"async\" class=\"wp-image-3441 avia-img-lazy-loading-not-3441\"  src=\"https:\/\/scdrj.org.br\/2022\/wp-content\/uploads\/2022\/07\/SCDRJ-capa-01-a-e1658452294812-1500x430.jpg\" width=\"1500\" height=\"430\" title='SCDRJ-capa-01-a' alt=''  itemprop=\"thumbnailUrl\"   \/><\/div><\/li><\/ul><\/div><\/div><div id='after_full_slider_1'  class='main_color av_default_container_wrap container_wrap sidebar_right'  ><div class='container av-section-cont-open' ><div class='template-page content  av-content-small alpha units'><div class='post-entry post-entry-type-page post-entry-2488'><div class='entry-content-wrapper clearfix'>\n<section  class='av_textblock_section av-av_textblock-c485d65446d5a40a7b5bbc25f444d469'  itemscope=\"itemscope\" itemtype=\"https:\/\/schema.org\/CreativeWork\" ><div class='avia_textblock'  itemprop=\"text\" ><h1><strong>Trabalho comissionado e prestador de servi\u00e7o<\/strong><\/h1>\n<p style=\"text-align: justify;\">Segundo pesquisas, 73% dos cirurgi\u00f5es-dentistas que trabalham em cl\u00ednicas ou associa\u00e7\u00f5es, recebem percentuais sobre a produ\u00e7\u00e3o. N\u00e3o t\u00eam a carteira assinada e recebem valores remunerat\u00f3rios inferiores ao piso da categoria. Esta pr\u00e1tica por\u00e9m \u00e9 proibida por lei, j\u00e1 que o empregado tem habitualidade, \u00e9 subordinado e recebe remunera\u00e7\u00e3o, al\u00e9m de executar pessoalmente o seu trabalho (artigo 3\u00ba da CLT).<\/p>\n<p style=\"text-align: justify;\">H\u00e1 subordina\u00e7\u00e3o quando o trabalhador est\u00e1 sujeito a ordens e controle, como por exemplo, hor\u00e1rios. Na pessoalidade o empregado n\u00e3o pode ser substitu\u00eddo por outro.<\/p>\n<p style=\"text-align: justify;\">Remunera\u00e7\u00e3o \u00e9 o valor pago pelo empregador. Na habitualidade o trabalho \u00e9 cont\u00ednuo e n\u00e3o ocasional.<\/p>\n<p style=\"text-align: justify;\">Na Justi\u00e7a do Trabalho por\u00e9m, a habitualidade \u00e9 avaliada em conjunto com outro fator, denominado de Teoria dos Fins do Empreendimento ou seja, o trabalho feito pelo prestador se enquadra nos resultados pretendidos pelo empregador.<\/p>\n<p style=\"text-align: justify;\">Caracterizada a habitualidade e, somando-se ainda a subordina\u00e7\u00e3o e pessoalidade, a rela\u00e7\u00e3o de emprego est\u00e1 consumada. O empregador dever\u00e1 ent\u00e3o pagar ao \u201cprestador\u201d ou seja, ao empregado todas as verbas previstas na CLT podendo o juiz expedir of\u00edcio ao Minist\u00e9rio P\u00fablico para apura\u00e7\u00e3o de crime por falta de registro de Carteira de Trabalho e de sonega\u00e7\u00e3o fiscal previdenci\u00e1ria.<\/p>\n<p style=\"text-align: justify;\">\u00c9 preocupante a quantidade de cirurgi\u00f5es-dentistas que procuram o jur\u00eddico sindical para se defenderem de reclama\u00e7\u00f5es trabalhistas movidas por trabalhadores avulsos, prestadores de servi\u00e7os ou terceirizados.<\/p>\n<p style=\"text-align: justify;\">Para evitar aborrecimentos futuros, em se tratando de servi\u00e7o cont\u00ednuo, onde exista os requisitos j\u00e1 mencionados, o melhor \u00e9 cumprir a lei. Em geral o barato sai caro.<\/p>\n<p style=\"text-align: justify;\">O cirurgi\u00e3o-dentista que desejar deve propor a\u00e7\u00e3o trabalhista, relacionando os pacientes que atendeu, al\u00e9m de comunicar, por escrito, o fato ao sindicato. Nesses casos, o cirurgi\u00e3o-dentista tem direito ao sal\u00e1rio fixo, nunca inferior ao piso salarial da categoria.<\/p>\n<\/div><\/section>\n","protected":false},"excerpt":{"rendered":"","protected":false},"author":1,"featured_media":0,"parent":0,"menu_order":0,"comment_status":"closed","ping_status":"closed","template":"","meta":{"footnotes":""},"class_list":["post-2488","page","type-page","status-publish","hentry"],"_links":{"self":[{"href":"https:\/\/scdrj.org.br\/2022\/wp-json\/wp\/v2\/pages\/2488","targetHints":{"allow":["GET"]}}],"collection":[{"href":"https:\/\/scdrj.org.br\/2022\/wp-json\/wp\/v2\/pages"}],"about":[{"href":"https:\/\/scdrj.org.br\/2022\/wp-json\/wp\/v2\/types\/page"}],"author":[{"embeddable":true,"href":"https:\/\/scdrj.org.br\/2022\/wp-json\/wp\/v2\/users\/1"}],"replies":[{"embeddable":true,"href":"https:\/\/scdrj.org.br\/2022\/wp-json\/wp\/v2\/comments?post=2488"}],"version-history":[{"count":1,"href":"https:\/\/scdrj.org.br\/2022\/wp-json\/wp\/v2\/pages\/2488\/revisions"}],"predecessor-version":[{"id":3507,"href":"https:\/\/scdrj.org.br\/2022\/wp-json\/wp\/v2\/pages\/2488\/revisions\/3507"}],"wp:attachment":[{"href":"https:\/\/scdrj.org.br\/2022\/wp-json\/wp\/v2\/media?parent=2488"}],"curies":[{"name":"wp","href":"https:\/\/api.w.org\/{rel}","templated":true}]}}