{"id":2686,"date":"2011-08-26T13:21:39","date_gmt":"2011-08-26T16:21:39","guid":{"rendered":"http:\/\/localhost\/wordpress\/scdrj\/?page_id=10"},"modified":"2023-05-04T10:19:06","modified_gmt":"2023-05-04T13:19:06","slug":"anuidade-social","status":"publish","type":"page","link":"https:\/\/scdrj.org.br\/2022\/anuidade-social\/","title":{"rendered":"Anuidade Social"},"content":{"rendered":"<div id='full_slider_1'  class='avia-fullwidth-slider main_color avia-shadow   avia-builder-el-0  el_before_av_textblock  avia-builder-el-first   container_wrap sidebar_right'  ><div  class='avia-slideshow av-5wib0u-950e691a4faaa2f90bbafd731b162fbd avia-slideshow-featured av_slideshow_full avia-slide-slider av-slideshow-ui av-control-default av-slideshow-manual av-loop-once av-loop-manual-endless av-default-height-applied   avia-slideshow-1' data-slideshow-options=\"{&quot;animation&quot;:&quot;slide&quot;,&quot;autoplay&quot;:false,&quot;loop_autoplay&quot;:&quot;once&quot;,&quot;interval&quot;:5,&quot;loop_manual&quot;:&quot;manual-endless&quot;,&quot;autoplay_stopper&quot;:false,&quot;noNavigation&quot;:false,&quot;bg_slider&quot;:false,&quot;keep_padding&quot;:false,&quot;hoverpause&quot;:false,&quot;show_slide_delay&quot;:0}\"  itemprop=\"image\" itemscope=\"itemscope\" itemtype=\"https:\/\/schema.org\/ImageObject\" ><ul class='avia-slideshow-inner ' style='padding-bottom: 28.666666666667%;'><li  class='avia-slideshow-slide av-5wib0u-950e691a4faaa2f90bbafd731b162fbd__0  av-single-slide slide-1 slide-odd'><div data-rel='slideshow-1' class='avia-slide-wrap '   ><img decoding=\"async\" class=\"wp-image-3441 avia-img-lazy-loading-not-3441\"  src=\"https:\/\/scdrj.org.br\/2022\/wp-content\/uploads\/2022\/07\/SCDRJ-capa-01-a-e1658452294812-1500x430.jpg\" width=\"1500\" height=\"430\" title='SCDRJ-capa-01-a' alt=''  itemprop=\"thumbnailUrl\"   \/><\/div><\/li><\/ul><\/div><\/div><div id='after_full_slider_1'  class='main_color av_default_container_wrap container_wrap sidebar_right'  ><div class='container av-section-cont-open' ><div class='template-page content  av-content-small alpha units'><div class='post-entry post-entry-type-page post-entry-2686'><div class='entry-content-wrapper clearfix'>\n<section  class='av_textblock_section av-36nxgu-0c78f82a0c633703a88d84d5ea38a9cc'  itemscope=\"itemscope\" itemtype=\"https:\/\/schema.org\/CreativeWork\" ><div class='avia_textblock'  itemprop=\"text\" ><h1>Anuidade Social<\/h1>\n<p>Prevista no Estatuto Sindical, a\u00a0<strong>ANUIDADE SOCIAL<\/strong>\u00a0deve ser paga no in\u00edcio do ano por todos os cirurgi\u00f5es-dentistas sindicalizados.<\/p>\n<p>Sindicato forte, categoria respeitada. Criado em 1931, o SINDICATO DOS CIRURGI\u00d5ES-DENTISTAS NO ESTADO DO RIO DE JANEIRO \u00e9 reconhecidamente uma das mais respeitadas entidades odontol\u00f3gicas, por sua atua\u00e7\u00e3o firme e independente.<\/p>\n<p>Esta realidade s\u00f3 \u00e9 poss\u00edvel em raz\u00e3o do efetivo apoio que a categoria d\u00e1 ao SCDRJ. Ser sindicalizado custa pouco e fortalece o trabalho odontol\u00f3gico. Lembre-se disso ao receber sua ANUIDADE SOCIAL. Com a quita\u00e7\u00e3o da ANUIDADE voc\u00ea se torna SINDICALIZADO e recebe a tabela de honor\u00e1rios profissionais, orienta\u00e7\u00f5es jur\u00eddicas\u00a0relacionadas ao exerc\u00edcio da profiss\u00e3o, publica\u00e7\u00e3o de an\u00fancios, dentre outros benef\u00edcios.<\/p>\n<p>E o mais importante; a certeza de poder contar com uma entidade aut\u00eantica, independente e na permanente luta pela valoriza\u00e7\u00e3o do cirurgi\u00e3o-dentista.<\/p>\n<p><strong><a title=\"Proposta de sindicaliza\u00e7\u00e3o\" href=\"http:\/\/www.scdrj.org.br\/download\/Proposta-Sindicalizacao.pdf\" target=\"_blank\" rel=\"noopener\">BAIXE AQUI A SUA PROPOSTA DE SINDICALIZA\u00c7\u00c3O (PDF)<\/a><\/strong><\/p>\n<p><strong><a title=\"Proposta de sindicaliza\u00e7\u00e3o\" href=\"http:\/\/www.scdrj.org.br\/download\/proposta-sindicalizacao.docx\">BAIXE AQUI A SUA PROPOSTA DE SINDICALIZA\u00c7\u00c3O (DOC)<\/a><\/strong><\/p>\n<\/div><\/section>\n","protected":false},"excerpt":{"rendered":"","protected":false},"author":1,"featured_media":0,"parent":0,"menu_order":0,"comment_status":"closed","ping_status":"closed","template":"","meta":{"footnotes":""},"class_list":["post-2686","page","type-page","status-publish","hentry"],"_links":{"self":[{"href":"https:\/\/scdrj.org.br\/2022\/wp-json\/wp\/v2\/pages\/2686","targetHints":{"allow":["GET"]}}],"collection":[{"href":"https:\/\/scdrj.org.br\/2022\/wp-json\/wp\/v2\/pages"}],"about":[{"href":"https:\/\/scdrj.org.br\/2022\/wp-json\/wp\/v2\/types\/page"}],"author":[{"embeddable":true,"href":"https:\/\/scdrj.org.br\/2022\/wp-json\/wp\/v2\/users\/1"}],"replies":[{"embeddable":true,"href":"https:\/\/scdrj.org.br\/2022\/wp-json\/wp\/v2\/comments?post=2686"}],"version-history":[{"count":3,"href":"https:\/\/scdrj.org.br\/2022\/wp-json\/wp\/v2\/pages\/2686\/revisions"}],"predecessor-version":[{"id":3660,"href":"https:\/\/scdrj.org.br\/2022\/wp-json\/wp\/v2\/pages\/2686\/revisions\/3660"}],"wp:attachment":[{"href":"https:\/\/scdrj.org.br\/2022\/wp-json\/wp\/v2\/media?parent=2686"}],"curies":[{"name":"wp","href":"https:\/\/api.w.org\/{rel}","templated":true}]}}