{"id":2971,"date":"2016-03-16T15:18:34","date_gmt":"2016-03-16T18:18:34","guid":{"rendered":"http:\/\/scdrj.org.br\/?page_id=2971"},"modified":"2022-07-22T10:00:50","modified_gmt":"2022-07-22T13:00:50","slug":"responsavel-tecnico","status":"publish","type":"page","link":"https:\/\/scdrj.org.br\/2022\/responsavel-tecnico\/","title":{"rendered":"RESPONS\u00c1VEL T\u00c9CNICO"},"content":{"rendered":"<div id='full_slider_1'  class='avia-fullwidth-slider main_color avia-shadow   avia-builder-el-0  el_before_av_textblock  avia-builder-el-first   container_wrap sidebar_right'  ><div  class='avia-slideshow av-av_slideshow_full-b6ad6f5016cce3c4a8f312d8fa26af64 avia-slideshow-featured av_slideshow_full avia-slide-slider av-slideshow-ui av-control-default av-slideshow-manual av-loop-once av-loop-manual-endless av-default-height-applied   avia-slideshow-1' data-slideshow-options=\"{&quot;animation&quot;:&quot;slide&quot;,&quot;autoplay&quot;:false,&quot;loop_autoplay&quot;:&quot;once&quot;,&quot;interval&quot;:5,&quot;loop_manual&quot;:&quot;manual-endless&quot;,&quot;autoplay_stopper&quot;:false,&quot;noNavigation&quot;:false,&quot;bg_slider&quot;:false,&quot;keep_padding&quot;:false,&quot;hoverpause&quot;:false,&quot;show_slide_delay&quot;:0}\"  itemprop=\"image\" itemscope=\"itemscope\" itemtype=\"https:\/\/schema.org\/ImageObject\" ><ul class='avia-slideshow-inner ' style='padding-bottom: 28.666666666667%;'><li  class='avia-slideshow-slide av-av_slideshow_full-b6ad6f5016cce3c4a8f312d8fa26af64__0  av-single-slide slide-1 slide-odd'><div data-rel='slideshow-1' class='avia-slide-wrap '   ><img decoding=\"async\" class=\"wp-image-3441 avia-img-lazy-loading-not-3441\"  src=\"https:\/\/scdrj.org.br\/2022\/wp-content\/uploads\/2022\/07\/SCDRJ-capa-01-a-e1658452294812-1500x430.jpg\" width=\"1500\" height=\"430\" title='SCDRJ-capa-01-a' alt=''  itemprop=\"thumbnailUrl\"   \/><\/div><\/li><\/ul><\/div><\/div><div id='after_full_slider_1'  class='main_color av_default_container_wrap container_wrap sidebar_right'  ><div class='container av-section-cont-open' ><div class='template-page content  av-content-small alpha units'><div class='post-entry post-entry-type-page post-entry-2971'><div class='entry-content-wrapper clearfix'>\n<section  class='av_textblock_section av-av_textblock-c485d65446d5a40a7b5bbc25f444d469'  itemscope=\"itemscope\" itemtype=\"https:\/\/schema.org\/CreativeWork\" ><div class='avia_textblock'  itemprop=\"text\" ><h1 style=\"text-align: justify;\">RESPONS\u00c1VEL T\u00c9CNICO<\/h1>\n<p style=\"text-align: justify;\">De acordo com o art. 9\u00ba, inciso IV, do C\u00f3digo de \u00c9tica Odontol\u00f3gica todas as cl\u00ednicas e consult\u00f3rios individuais (dos setores p\u00fablico e privado) obrigam-se\u00a0a manter um respons\u00e1vel t\u00e9cnico, que deve fazer cumprir o C\u00f3digo de \u00c9tica Odontol\u00f3gica (CEO), informando sempre, por escrito, ao CRO as ocorr\u00eancias de infra\u00e7\u00f5es \u00e9ticas (art. 33\u00ba, \u00a71\u00ba e 2\u00ba) praticadas no estabelecimento.<\/p>\n<p style=\"text-align: justify;\">O respons\u00e1vel t\u00e9cnico responde ainda, solidariamente, por publicidades e propagandas que descumprirem o C\u00f3digo de \u00c9tica Odontol\u00f3gica. E mais, caso o propriet\u00e1rio da cl\u00ednica n\u00e3o seja cirurgi\u00e3o-dentista, o respons\u00e1vel t\u00e9cnico responder\u00e1 unicamente pelas irregularidades cometidas.<\/p>\n<p style=\"text-align: justify;\">Sob o aspecto da legisla\u00e7\u00e3o trabalhista, caso o cirurgi\u00e3o-dentista trabalhe na cl\u00ednica, o sal\u00e1rio a ser ajustado entre empregador e empregado \u00e9 baseado na livre negocia\u00e7\u00e3o, levando-se em considera\u00e7\u00e3o o adicional de responsabilidade que este profissional deve exercer; o que determina uma remunera\u00e7\u00e3o acima do piso salarial da categoria (Conven\u00e7\u00e3o Coletiva).<\/p>\n<p style=\"text-align: justify;\">Com o desemprego na odontologia e o crescente surgimento de cl\u00ednicas populares, muitos cirurgi\u00f5es-dentistas s\u00e3o atra\u00eddos a exercerem responsabilidades que em geral desconhecem.\u00a0O final dessa hist\u00f3ria \u00e9 quase sempre a aplica\u00e7\u00e3o do C\u00f3digo Disciplinar do CRO ou na vertente trabalhista; a Justi\u00e7a do Trabalho.<\/p>\n<p style=\"text-align: justify;\"><strong>Todo cuidado \u00e9 pouco!<\/strong><\/p>\n<\/div><\/section>\n","protected":false},"excerpt":{"rendered":"","protected":false},"author":1,"featured_media":0,"parent":0,"menu_order":0,"comment_status":"closed","ping_status":"closed","template":"","meta":{"footnotes":""},"class_list":["post-2971","page","type-page","status-publish","hentry"],"_links":{"self":[{"href":"https:\/\/scdrj.org.br\/2022\/wp-json\/wp\/v2\/pages\/2971","targetHints":{"allow":["GET"]}}],"collection":[{"href":"https:\/\/scdrj.org.br\/2022\/wp-json\/wp\/v2\/pages"}],"about":[{"href":"https:\/\/scdrj.org.br\/2022\/wp-json\/wp\/v2\/types\/page"}],"author":[{"embeddable":true,"href":"https:\/\/scdrj.org.br\/2022\/wp-json\/wp\/v2\/users\/1"}],"replies":[{"embeddable":true,"href":"https:\/\/scdrj.org.br\/2022\/wp-json\/wp\/v2\/comments?post=2971"}],"version-history":[{"count":1,"href":"https:\/\/scdrj.org.br\/2022\/wp-json\/wp\/v2\/pages\/2971\/revisions"}],"predecessor-version":[{"id":3516,"href":"https:\/\/scdrj.org.br\/2022\/wp-json\/wp\/v2\/pages\/2971\/revisions\/3516"}],"wp:attachment":[{"href":"https:\/\/scdrj.org.br\/2022\/wp-json\/wp\/v2\/media?parent=2971"}],"curies":[{"name":"wp","href":"https:\/\/api.w.org\/{rel}","templated":true}]}}