{"id":5,"date":"2011-08-26T16:15:28","date_gmt":"2011-08-26T19:15:28","guid":{"rendered":"http:\/\/localhost\/wordpress\/scdrj\/?page_id=5"},"modified":"2026-04-06T18:24:25","modified_gmt":"2026-04-06T21:24:25","slug":"home","status":"publish","type":"page","link":"https:\/\/scdrj.org.br\/2022\/","title":{"rendered":"Home"},"content":{"rendered":"<div id='full_slider_1'  class='avia-fullwidth-slider main_color avia-shadow   avia-builder-el-0  el_before_av_three_fifth  avia-builder-el-first   container_wrap sidebar_right'  ><div  class='avia-slideshow av-l5v2n6jz-7809fd8706482b5d8be16b3c9af718cc avia-slideshow-featured av_slideshow_full avia-slide-slider av-slideshow-ui av-control-default av-slideshow-manual av-loop-once av-loop-manual-endless av-default-height-applied   avia-slideshow-1' data-slideshow-options=\"{&quot;animation&quot;:&quot;slide&quot;,&quot;autoplay&quot;:false,&quot;loop_autoplay&quot;:&quot;once&quot;,&quot;interval&quot;:5,&quot;loop_manual&quot;:&quot;manual-endless&quot;,&quot;autoplay_stopper&quot;:false,&quot;noNavigation&quot;:false,&quot;bg_slider&quot;:false,&quot;keep_padding&quot;:false,&quot;hoverpause&quot;:false,&quot;show_slide_delay&quot;:0}\"  itemprop=\"image\" itemscope=\"itemscope\" itemtype=\"https:\/\/schema.org\/ImageObject\" ><ul class='avia-slideshow-inner ' style='padding-bottom: 28.666666666667%;'><li  class='avia-slideshow-slide av-l5v2n6jz-7809fd8706482b5d8be16b3c9af718cc__0  av-single-slide slide-1 slide-odd'><div data-rel='slideshow-1' class='avia-slide-wrap '   ><img decoding=\"async\" class=\"wp-image-3441 avia-img-lazy-loading-not-3441\"  src=\"https:\/\/scdrj.org.br\/2022\/wp-content\/uploads\/2022\/07\/SCDRJ-capa-01-a-e1658452294812-1500x430.jpg\" width=\"1500\" height=\"430\" title='SCDRJ-capa-01-a' alt=''  itemprop=\"thumbnailUrl\"   \/><\/div><\/li><\/ul><\/div><\/div><div id='after_full_slider_1'  class='main_color av_default_container_wrap container_wrap sidebar_right'  ><div class='container av-section-cont-open' ><div class='template-page content  av-content-small alpha units'><div class='post-entry post-entry-type-page post-entry-5'><div class='entry-content-wrapper clearfix'>\n<div class='flex_column av-5l9p-041e80b63e35724bb9bc18e07c793473 av_three_fifth  avia-builder-el-1  el_after_av_slideshow_full  el_before_av_two_fifth  avia-builder-el-first  first flex_column_div '     ><section  class='av_textblock_section av-3b6p-5c89c81ad1b56957323d9f7e05736e21'  itemscope=\"itemscope\" itemtype=\"https:\/\/schema.org\/CreativeWork\" ><div class='avia_textblock'  itemprop=\"text\" ><h1>Sindicalize-se<strong><br \/>\n<\/strong><\/h1>\n<p>Prevista no Estatuto Sindical, a\u00a0<strong>ANUIDADE SOCIAL<\/strong>\u00a0deve ser paga no in\u00edcio do ano por todos os cirurgi\u00f5es-dentistas sindicalizados.<\/p>\n<p><strong>ANUIDADE R$ 280,00<\/strong><\/p>\n<p><strong><a href=\"https:\/\/app.higestor.com.br\/inscricao\/associado\/sindicato-dos-cirurgioes-dentistas-no-estado-do-rj\">FA\u00c7A SUA INSCRI\u00c7\u00c3O CONFORME SUA CATEGORIA<\/a><\/strong><\/p>\n<p><strong><a title=\"Proposta de sindicaliza\u00e7\u00e3o\" href=\"https:\/\/www.scdrj.org.br\/download\/Proposta-Sindicalizacao.pdf\">BAIXE AQUI A SUA PROPOSTA DE SINDICALIZA\u00c7\u00c3O (PDF)<\/a><\/strong><\/p>\n<p><strong><a title=\"Proposta de sindicaliza\u00e7\u00e3o\" href=\"https:\/\/www.scdrj.org.br\/download\/proposta-sindicalizacao.docx\">BAIXE AQUI A SUA PROPOSTA DE SINDICALIZA\u00c7\u00c3O (DOC)<\/a><\/strong><\/p>\n<p>OS SINDICALIZADOS T\u00caM DIREITO A RECEBER A <span style=\"text-decoration: underline;\">TABELA DE HONOR\u00c1RIOS PROFISSIONAIS VIA CORREIO<\/span><\/p>\n<p><!-- <strong>TABELA DE HONOR\u00c1RIOS PROFISSIONAIS<\/strong> --><\/p>\n<p>A <strong>TABELA DE HONOR\u00c1RIOS<\/strong> detalha todos os procedimentos odontol\u00f3gicos e seus respectivos honor\u00e1rios devidamente atualizados, al\u00e9m de ser um importante orientador servindo de consulta no dia a dia do seu consult\u00f3rio.<\/p>\n<\/div><\/section><\/div>\n<div class='flex_column av-4jen-d42a1d8f8b950236a8e98f536d55c19f av_two_fifth  avia-builder-el-3  el_after_av_three_fifth  el_before_av_two_fifth  flex_column_div '     ><section  class='av_textblock_section av-3jw1-cdd2809e471c18af6d6bae0204551521'  itemscope=\"itemscope\" itemtype=\"https:\/\/schema.org\/CreativeWork\" ><div class='avia_textblock'  itemprop=\"text\" ><h1>Fale com o sindicato<\/h1>\n<p>Sindicato do Cirurgi\u00f5es-Dentistas no Estado do Rio de Janeiro<br \/>\nAv. Rio Branco, 277 grupo 1310 \u2013 Centro<br \/>\nRio de Janeiro \u2013 RJ &#8211; Cep. 20.040-009<br \/>\nTelefone: (21) 3174-0922 (hor\u00e1rios de funcionamento: de segunda a quinta-feira de 9h as 16h e sexta-feira de 9h as 14h)<br \/>\nEmail: <a href=\"mailto:scdrj@scdrj.org.br\">scdrj@scdrj.org.br<\/a><\/p>\n<p><strong><a href=\"https:\/\/app.higestor.com.br\/portal\/sindicato-dos-cirurgioes-dentistas-no-estado-do-rj\">ATUALIZE SEU CADASTRO<\/a><\/strong><\/p>\n<p><!-- Para novos cadastros, n\u00e3o esque\u00e7a de enviar c\u00f3pia da sua carteira profissional para scdrj@scdrj.org.br --><\/p>\n<\/div><\/section><\/div>\n<div class='flex_column av-7fet-2df5a8845d320f2330e6beb59c4e4fdd av_two_fifth  avia-builder-el-5  el_after_av_two_fifth  el_before_av_three_fifth  first flex_column_div '     ><section  class='av_textblock_section av-ldq13f48-7f1b8bb53cc1f4e266b485eb90aa1d30'  itemscope=\"itemscope\" itemtype=\"https:\/\/schema.org\/CreativeWork\" ><div class='avia_textblock'  itemprop=\"text\" ><h1>Nota de Esclarecimento<\/h1>\n<div dir=\"auto\">\n<p class=\"v1MsoNormal\">O <b>SCDRJ<\/b>\u00a0 apresentou junto ao \u201c MPT (Minist\u00e9rio P\u00fablico do Trabalho)\u201d, um conjunto de den\u00fancias, que chegaram ao nosso conhecimento, contra as Cl\u00ednicas Odontol\u00f3gicas que desrespeitam as leis trabalhista.<\/p>\n<p class=\"v1MsoNormal\">As den\u00fancias an\u00f4nimas, versam em sua maioria, a respeito das condi\u00e7\u00f5es aviltantes, as quais os CD s\u00e3o submetidos, pondo em risco, em \u00faltima an\u00e1lise, a Sa\u00fade dos pacientes e dos Profissionais envolvidos.<\/p>\n<p class=\"v1MsoNormal\">Mais a\u00e7\u00f5es ser\u00e3o desencadeadas visando a valoriza\u00e7\u00e3o e o respeito \u00e0s condi\u00e7\u00f5es de trabalho.<\/p>\n<p class=\"v1MsoNormal\"><em><strong>SCDRJ SEMPRE AO LADO DA CATEGORIA!<\/strong><\/em><\/p>\n<\/div>\n<div dir=\"auto\"><\/div>\n<\/div><\/section><\/div>\n<div class='flex_column av-5vn1-53206306bc407b7a8c4e90585c8fbdb3 av_three_fifth  avia-builder-el-7  el_after_av_two_fifth  el_before_av_one_full  flex_column_div '     ><section  class='av_textblock_section av-40cj-0423633ba66fcf6c8a2b617c050bf391'  itemscope=\"itemscope\" itemtype=\"https:\/\/schema.org\/CreativeWork\" ><div class='avia_textblock'  itemprop=\"text\" ><h1>Divulga\u00e7\u00e3o de Senten\u00e7a de A\u00e7\u00e3o ajuizada pelo o Minist\u00e9rio P\u00fablico do Trabalho<\/h1>\n<p class=\"v1MsoNormal\">A 5\u00aa Vara de Trabalho de Duque de Caxias, proferiu Senten\u00e7a em A\u00e7\u00e3o Civil P\u00fablica movida pelo Minist\u00e9rio P\u00fablico do Trabalho, determinando o pagamento de verbas rescis\u00f3rias de todos os empregados do Primeiro R\u00e9u (Instituto Data Rio de Administra\u00e7\u00e3o P\u00fablica) no universo daquela demanda, registrando-se que tamb\u00e9m foi condenado o Estado do Rio de Janeiro (segundo R\u00e9u), que responde solidariamente no referido caso. Clique no link para saber mais.<\/p>\n<p class=\"v1MsoNormal\">Link:\u00a0<a href=\"https:\/\/scdrj.org.br\/2022\/wp-content\/uploads\/2025\/06\/Sentenca-ACC-0100067.24.2019.5.01.0205.pdf\">Sentenca ACC-0100067.24.2019.5.01.0205<\/a><\/p>\n<\/div><\/section><\/div>\n<div class='flex_column av-64hx-2b9eb8b697b5c13972b8bb6e5029ef6d av_one_full  avia-builder-el-9  el_after_av_three_fifth  el_before_av_one_half  first flex_column_div '     ><p><div  class='hr av-bdv-0dc203c043f25f587a4922589c12f696 hr-short  avia-builder-el-10  el_before_av_textblock  avia-builder-el-first  hr-center'><span class='hr-inner '><span class=\"hr-inner-style\"><\/span><\/span><\/div><br \/>\n<section  class='av_textblock_section av-2k2v-3f6d1c0465908972403f0d1916f189a2'  itemscope=\"itemscope\" itemtype=\"https:\/\/schema.org\/CreativeWork\" ><div class='avia_textblock'  itemprop=\"text\" ><p><img loading=\"lazy\" decoding=\"async\" class=\"size-full wp-image-3734 alignleft\" src=\"https:\/\/scdrj.org.br\/2022\/wp-content\/uploads\/2024\/10\/image003.jpg\" alt=\"\" width=\"156\" height=\"304\" srcset=\"https:\/\/scdrj.org.br\/2022\/wp-content\/uploads\/2024\/10\/image003.jpg 156w, https:\/\/scdrj.org.br\/2022\/wp-content\/uploads\/2024\/10\/image003-154x300.jpg 154w\" sizes=\"auto, (max-width: 156px) 100vw, 156px\" \/><\/p>\n<p><strong>Rio de Janeiro, 24 de outubro de 2024<\/strong><\/p>\n<p><strong>Carta Aberta do Conselho Estadual de Sa\u00fade do Rio de Janeiro (CES\/RJ)<\/strong><\/p>\n<p>\u00c0 popula\u00e7\u00e3o do Rio de Janeiro,<\/p>\n<p>\u00c9 com profunda indigna\u00e7\u00e3o e pesar que o Conselho Estadual de Sa\u00fade do Rio de Janeiro (CES\/RJ) se dirige a toda a popula\u00e7\u00e3o do estado do Rio de Janeiro para manifestar sua revolta diante do recente esc\u00e2ndalo envolvendo a contamina\u00e7\u00e3o de pacientes transplantados com HIV, um epis\u00f3dio que exp\u00f5e falhas graves em nosso sistema de sa\u00fade p\u00fablica.<\/p>\n<p>O CES\/RJ, conforme estabelecido pela Lei Complementar n\u00ba 152\/2013, tem como fun\u00e7\u00e3o primordial a promo\u00e7\u00e3o e fiscaliza\u00e7\u00e3o da sa\u00fade em nosso estado. No entanto, fomos surpreendidos pela gravidade dos acontecimentos, sendo informados apenas pela imprensa sobre a contamina\u00e7\u00e3o de seis pacientes que, confiantes, receberam \u00f3rg\u00e3os contaminados. \u00c9 inaceit\u00e1vel que o Conselho, que deveria ser consultado e envolvido nas decis\u00f5es cr\u00edticas que afetam a sa\u00fade da popula\u00e7\u00e3o, tenha sido completamente ignorado.<\/p>\n<p>O CES\/RJ tamb\u00e9m avalia que a terceiriza\u00e7\u00e3o de servi\u00e7os e o avan\u00e7o de agentes privados sobre a sa\u00fade, se n\u00e3o acompanhados com rigor pelos \u00f3rg\u00e3os de fiscaliza\u00e7\u00e3o, tendem a facilitar este tipo de desvio e irregularidades na gest\u00e3o. \u00c9 fundamental que haja um controle efetivo e uma supervis\u00e3o constante sobre as contrata\u00e7\u00f5es no setor de sa\u00fade, a fim de proteger a integridade dos servi\u00e7os prestados e a seguran\u00e7a dos pacientes.<\/p>\n<p>Cabe ressaltar que existe um contrato de gest\u00e3o vigente entre a Secretaria de Estado de Sa\u00fade e a Funda\u00e7\u00e3o Sa\u00fade (CG-N\u00ba002\/2021) de responsabilidade da SES\/RJ atrav\u00e9s de Comiss\u00e3o de Acompanhamento e Avalia\u00e7\u00e3o deste contrato. Bem como dos \u00f3rg\u00e3os de controle externo para a fiscaliza\u00e7\u00e3o destes instrumentos contratuais.<\/p>\n<p>O CES\/RJ exige uma investiga\u00e7\u00e3o rigorosa e imediata por parte das autoridades competentes, incluindo o Minist\u00e9rio P\u00fablico, \u00f3rg\u00e3os dos sistemas nacionais de Auditoria e Vigil\u00e2ncia Sanit\u00e1ria, pol\u00edcias Civil e Federal, para que todos os respons\u00e1veis sejam identificados e punidos de forma exemplar. Reiteramos a necessidade de reavalia\u00e7\u00e3o das pr\u00e1ticas de contrata\u00e7\u00e3o no setor de sa\u00fade, garantindo que epis\u00f3dios como este n\u00e3o se repitam.<\/p>\n<p>Acreditamos que a mera exonera\u00e7\u00e3o, a pedido, da diretoria da Funda\u00e7\u00e3o Sa\u00fade n\u00e3o resolver\u00e1 os problemas estruturais que levaram a essa trag\u00e9dia. Exigimos uma apura\u00e7\u00e3o abrangente, que n\u00e3o apenas identifique os culpados, mas que tamb\u00e9m promova mudan\u00e7as significativas nos processos de contrata\u00e7\u00e3o e fiscaliza\u00e7\u00e3o. \u00c9 imprescind\u00edvel que revisitemos os fluxos de trabalho e os procedimentos de fiscaliza\u00e7\u00e3o sanit\u00e1ria, para que erros t\u00e3o graves n\u00e3o se repitam e a credibilidade do Sistema \u00danico de Sa\u00fade (SUS) seja restaurada.<\/p>\n<p>Neste momento doloroso, expressamos nossa solidariedade \u00e0s fam\u00edlias e a pacientes afetados, incluindo aquele que, lamentavelmente, perdeu sua vida ou aqueles que ainda enfrentam complica\u00e7\u00f5es graves. O CES\/RJ se compromete a utilizar todas as suas atribui\u00e7\u00f5es para acompanhar de perto o desenrolar de este lament\u00e1vel epis\u00f3dio e exigir responsabiliza\u00e7\u00f5es e solu\u00e7\u00f5es efetivas.<\/p>\n<p>Al\u00e9m disso, informamos que solicitaremos apoio aos \u00f3rg\u00e3os internos e externos de controle (Pol\u00edcia Federal, Denasus, Anvisa, TCE e TCU) para garantir que a apura\u00e7\u00e3o dos fatos seja conduzida com a seriedade que a situa\u00e7\u00e3o exige.<\/p>\n<p><strong>A privatiza\u00e7\u00e3o descontrolada introduz riscos inaceit\u00e1veis aos programas mais relevantes do SUS, e \u00e9 hora de reestruturar o servi\u00e7o p\u00fablico, reduzindo a depend\u00eancia de servi\u00e7os privados de qualidade muitas vezes duvidosa.<\/strong><\/p>\n<p>A SES\/RJ possui institutos de qualidade, como o Hemorio, Iede, Iecac, que devem ter investimentos bastantes para sua autossufici\u00eancia, n\u00e3o dependendo t\u00e3o somente das terceiriza\u00e7\u00f5es.<\/p>\n<p>A sa\u00fade da popula\u00e7\u00e3o fluminense n\u00e3o pode ser tratada como um mero neg\u00f3cio. Estamos juntos nessa luta e n\u00e3o descansaremos at\u00e9 que a verdade prevale\u00e7a e a justi\u00e7a seja feita.<\/p>\n<p>Respeitosamente,<\/p>\n<p><strong>Leonardo L\u00e9gora de Abreu<\/strong><\/p>\n<p><strong>Presidente<\/strong><\/p>\n<p><strong>Ad referendum do Conselho Estadual de Sa\u00fade do Rio de Janeiro<\/strong><\/p>\n<p class=\"v1MsoNormal\">Dispon\u00edvel em: <a href=\"https:\/\/asservisa.org.br\/asservisa-divulga-carta-aberta-emitida-pelo-ces-rj-sobre-casos-de-contaminacao-em-transplantes\/\" target=\"_blank\" rel=\"noopener noreferrer\">https:\/\/asservisa.org.br\/asservisa-divulga-carta-aberta-emitida-pelo-ces-rj-sobre-casos-de-contaminacao-em-transplantes\/<\/a><\/p>\n<\/div><\/section><\/p><\/div>\n<div class='flex_column av-6t0z-2f8c57bb5558ee5aaef01ecb34e20efc av_one_half  avia-builder-el-12  el_after_av_one_full  el_before_av_one_half  first flex_column_div column-top-margin'     ><p><div  class='hr av-5es3-b86b2779c51412f4f78acb4a72a6b82a hr-short  avia-builder-el-13  el_before_av_textblock  avia-builder-el-first  hr-center'><span class='hr-inner '><span class=\"hr-inner-style\"><\/span><\/span><\/div><br \/>\n<section  class='av_textblock_section av-d6b-015b52bcb07650cedddf68e0fa5201a2'  itemscope=\"itemscope\" itemtype=\"https:\/\/schema.org\/CreativeWork\" ><div class='avia_textblock'  itemprop=\"text\" ><h3>Fique por dentro<\/h3>\n<ul>\n<li><a href=\"https:\/\/scdrj.org.br\/2022\/direitos-dos-sindicalizados\/\">Direitos dos sindicalizados<\/a><\/li>\n<li><a href=\"https:\/\/scdrj.org.br\/2022\/cadastro-nacional-de-estabelecimentos-de-saude\/\">Cadastro Nacional de Estabelecimentos de Sa\u00fade (CNES)<\/a><\/li>\n<li><a title=\"O que \u00e9 honor\u00e1rio profissional?\" href=\"https:\/\/scdrj.org.br\/2022\/o-que-e-honorario-profissional\/\">O que \u00e9 honor\u00e1rio profissional?<\/a><\/li>\n<li><a title=\"O que \u00e9 piso salarial e diss\u00eddio coletivo?\" href=\"https:\/\/scdrj.org.br\/2022\/o-que-e-piso-salarial-e-dissidio-coletivo\/\">O que \u00e9 piso salarial e conven\u00e7\u00e3o coletiva?<\/a><\/li>\n<li><a title=\"O que \u00e9 contribuinte individual?\" href=\"https:\/\/scdrj.org.br\/2022\/o-que-e-contribuinte-individual\/\">O que \u00e9 contribuinte individual?<\/a><\/li>\n<li><a href=\"https:\/\/scdrj.org.br\/2022\/receituario\/\">Receitu\u00e1rio<\/a><\/li>\n<\/ul>\n<\/div><\/section><\/p><\/div>\n<div class='flex_column av-3z07-31c92350a899b0ed7d0a943ade6b245e av_one_half  avia-builder-el-15  el_after_av_one_half  el_before_av_one_full  flex_column_div column-top-margin'     ><p><div  class='hr av-3wff-894fd9879416db407e30232e59414222 hr-short  avia-builder-el-16  el_before_av_textblock  avia-builder-el-first  hr-center'><span class='hr-inner '><span class=\"hr-inner-style\"><\/span><\/span><\/div><br \/>\n<section  class='av_textblock_section av-l5v4fk49-3e8054c3026293726b3dfca658875439'  itemscope=\"itemscope\" itemtype=\"https:\/\/schema.org\/CreativeWork\" ><div class='avia_textblock'  itemprop=\"text\" ><h3>Destaques<\/h3>\n<ul>\n<li><a href=\"https:\/\/scdrj.org.br\/2022\/trabalho-comissionado-e-prestador-de-servico\/\">Trabalho comissionado ou prestador de servi\u00e7o<\/a><\/li>\n<li><a href=\"https:\/\/scdrj.org.br\/2022\/responsabilidade-civil-e-pericia-judicial\/\">Responsabilidade civil e per\u00edcia judicial<\/a><\/li>\n<li><a href=\"https:\/\/scdrj.org.br\/2022\/defenda-os-seus-direitos-trabalhistas\/\">Defenda os seus direitos trabalhistas!<\/a><\/li>\n<li><a href=\"https:\/\/scdrj.org.br\/2022\/aposentadoria-fator-previdenciario\/\">Aposentadoria: Fator Previdenci\u00e1rio<\/a><\/li>\n<\/ul>\n<\/div><\/section><\/p><\/div>\n<div class='flex_column av-2o81-2df6c2ecb3974a4dddd670b6748ec8e9 av_one_full  avia-builder-el-18  el_after_av_one_half  el_before_av_hr  first flex_column_div column-top-margin'     ><p><div  class='hr av-2qgl-1ef8b68ba56e44c634efbb2dec2f990d hr-big  avia-builder-el-19  el_before_av_textblock  avia-builder-el-first '><span class='hr-inner '><span class=\"hr-inner-style\"><\/span><\/span><\/div><br \/>\n<section  class='av_textblock_section av-l5v4gk0b-ec9bdf314f7a3ee148e5951b622cb22b'  itemscope=\"itemscope\" itemtype=\"https:\/\/schema.org\/CreativeWork\" ><div class='avia_textblock'  itemprop=\"text\" ><h3>Respons\u00e1vel T\u00e9cnico<\/h3>\n<p>De acordo com o art. 9\u00ba, inciso IV, do C\u00f3digo de \u00c9tica Odontol\u00f3gica todas as cl\u00ednicas e consult\u00f3rios individuais (dos setores p\u00fablico e privado) obrigam-se\u00a0a manter um respons\u00e1vel t\u00e9cnico, que deve fazer cumprir o C\u00f3digo de \u00c9tica Odontol\u00f3gica (CEO), informando sempre, por escrito, ao CRO as ocorr\u00eancias de infra\u00e7\u00f5es \u00e9ticas (art. 33\u00ba, \u00a71\u00ba e 2\u00ba) praticadas no estabelecimento. <a href=\"https:\/\/scdrj.org.br\/2022\/responsavel-tecnico\/\">Leia mais<\/a><\/p>\n<p><strong><a href=\"https:\/\/scdrj.org.br\/2022\/conheca-os-seus-direitos\/\">Conhe\u00e7a os direitos do consumidor. Exija os seus direitos<br \/>\n<\/a><\/strong><\/p>\n<\/div><\/section><\/p><\/div>\n<div  class='hr av-2ndr-9ad3fabd5dc9a57fe0d96a6f8ae437a0 hr-big  avia-builder-el-21  el_after_av_one_full  el_before_av_partner '><span class='hr-inner '><span class=\"hr-inner-style\"><\/span><\/span><\/div>\n<div  class='avia-logo-element-container av-l6hvh8o0-c3abf407f922d7b516dd31fd36937f27 avia-logo-slider avia-content-slider avia-smallarrow-slider avia-content-slider-active noHover avia-content-slider-odd  avia-builder-el-22  el_after_av_hr  avia-builder-el-last  av-slideshow-ui av-control-default av-nav-arrows-visible av-nav-dots-visible av-no-slider-navigation av-slideshow-manual av-loop-once av-loop-manual-endless avia-content-slider1' data-slideshow-options=\"{&quot;animation&quot;:&quot;slide&quot;,&quot;autoplay&quot;:false,&quot;loop_autoplay&quot;:&quot;once&quot;,&quot;interval&quot;:5,&quot;loop_manual&quot;:&quot;manual-endless&quot;,&quot;autoplay_stopper&quot;:false,&quot;noNavigation&quot;:false,&quot;bg_slider&quot;:false,&quot;keep_padding&quot;:&quot;&quot;,&quot;hoverpause&quot;:false,&quot;show_slide_delay&quot;:0}\"><div class='avia-smallarrow-slider-heading '><div class='new-special-heading'><h3 class='av-logo-special-heading-text '>PUBLICIDADE<\/h3><\/div><\/div><div class=\"avia-content-slider-inner\"><div class=\"slide-entry-wrap\"><div  class='slide-entry av-bp5t-409cca61e3c6e8755eae7accc6d2a639 flex_column no_margin av_one_fifth real-thumbnail post-entry slide-entry-overview slide-loop-1 slide-parity-odd  first'><img decoding=\"async\" width=\"180\" height=\"180\" src=\"https:\/\/scdrj.org.br\/2022\/wp-content\/uploads\/2022\/07\/parceiros-e1658500288538-180x180.jpg\" class=\"wp-image-3521 avia-img-lazy-loading-not-3521 attachment-square size-square\" alt=\"\" srcset=\"https:\/\/scdrj.org.br\/2022\/wp-content\/uploads\/2022\/07\/parceiros-e1658500288538-180x180.jpg 180w, https:\/\/scdrj.org.br\/2022\/wp-content\/uploads\/2022\/07\/parceiros-e1658500288538-80x80.jpg 80w, https:\/\/scdrj.org.br\/2022\/wp-content\/uploads\/2022\/07\/parceiros-e1658500288538-36x36.jpg 36w, https:\/\/scdrj.org.br\/2022\/wp-content\/uploads\/2022\/07\/parceiros-e1658500288538.jpg 200w\" sizes=\"(max-width: 180px) 100vw, 180px\" \/><\/div><div  class='slide-entry av-ahr1-e96e06e2a71158c3c6fd575f79bb098d flex_column no_margin av_one_fifth real-thumbnail post-entry slide-entry-overview slide-loop-2 slide-parity-even  '><img decoding=\"async\" width=\"180\" height=\"180\" src=\"https:\/\/scdrj.org.br\/2022\/wp-content\/uploads\/2022\/07\/parceiros-e1658500288538-180x180.jpg\" class=\"wp-image-3521 avia-img-lazy-loading-not-3521 attachment-square size-square\" alt=\"\" srcset=\"https:\/\/scdrj.org.br\/2022\/wp-content\/uploads\/2022\/07\/parceiros-e1658500288538-180x180.jpg 180w, https:\/\/scdrj.org.br\/2022\/wp-content\/uploads\/2022\/07\/parceiros-e1658500288538-80x80.jpg 80w, https:\/\/scdrj.org.br\/2022\/wp-content\/uploads\/2022\/07\/parceiros-e1658500288538-36x36.jpg 36w, https:\/\/scdrj.org.br\/2022\/wp-content\/uploads\/2022\/07\/parceiros-e1658500288538.jpg 200w\" sizes=\"(max-width: 180px) 100vw, 180px\" \/><\/div><div  class='slide-entry av-8ce1-06a77c589ed1dcccfd4256bf928a87c1 flex_column no_margin av_one_fifth real-thumbnail post-entry slide-entry-overview slide-loop-3 slide-parity-odd  '><img decoding=\"async\" width=\"180\" height=\"180\" src=\"https:\/\/scdrj.org.br\/2022\/wp-content\/uploads\/2022\/07\/parceiros-e1658500288538-180x180.jpg\" class=\"wp-image-3521 avia-img-lazy-loading-not-3521 attachment-square size-square\" alt=\"\" srcset=\"https:\/\/scdrj.org.br\/2022\/wp-content\/uploads\/2022\/07\/parceiros-e1658500288538-180x180.jpg 180w, https:\/\/scdrj.org.br\/2022\/wp-content\/uploads\/2022\/07\/parceiros-e1658500288538-80x80.jpg 80w, https:\/\/scdrj.org.br\/2022\/wp-content\/uploads\/2022\/07\/parceiros-e1658500288538-36x36.jpg 36w, https:\/\/scdrj.org.br\/2022\/wp-content\/uploads\/2022\/07\/parceiros-e1658500288538.jpg 200w\" sizes=\"(max-width: 180px) 100vw, 180px\" \/><\/div><div  class='slide-entry av-1yf-e4f1e405e178f41fed9e5fb543d96eb1 flex_column no_margin av_one_fifth real-thumbnail post-entry slide-entry-overview slide-loop-4 slide-parity-even  '><img decoding=\"async\" width=\"180\" height=\"180\" src=\"https:\/\/scdrj.org.br\/2022\/wp-content\/uploads\/2022\/07\/parceiros-e1658500288538-180x180.jpg\" class=\"wp-image-3521 avia-img-lazy-loading-not-3521 attachment-square size-square\" alt=\"\" srcset=\"https:\/\/scdrj.org.br\/2022\/wp-content\/uploads\/2022\/07\/parceiros-e1658500288538-180x180.jpg 180w, https:\/\/scdrj.org.br\/2022\/wp-content\/uploads\/2022\/07\/parceiros-e1658500288538-80x80.jpg 80w, https:\/\/scdrj.org.br\/2022\/wp-content\/uploads\/2022\/07\/parceiros-e1658500288538-36x36.jpg 36w, https:\/\/scdrj.org.br\/2022\/wp-content\/uploads\/2022\/07\/parceiros-e1658500288538.jpg 200w\" sizes=\"(max-width: 180px) 100vw, 180px\" \/><\/div><div  class='slide-entry av-3jdz-41734a3ece471358d867f7afabcf1efb flex_column no_margin av_one_fifth real-thumbnail post-entry slide-entry-overview slide-loop-5 slide-parity-odd post-entry-last '><img decoding=\"async\" width=\"180\" height=\"180\" src=\"https:\/\/scdrj.org.br\/2022\/wp-content\/uploads\/2022\/07\/parceiros-e1658500288538-180x180.jpg\" class=\"wp-image-3521 avia-img-lazy-loading-not-3521 attachment-square size-square\" alt=\"\" srcset=\"https:\/\/scdrj.org.br\/2022\/wp-content\/uploads\/2022\/07\/parceiros-e1658500288538-180x180.jpg 180w, https:\/\/scdrj.org.br\/2022\/wp-content\/uploads\/2022\/07\/parceiros-e1658500288538-80x80.jpg 80w, https:\/\/scdrj.org.br\/2022\/wp-content\/uploads\/2022\/07\/parceiros-e1658500288538-36x36.jpg 36w, https:\/\/scdrj.org.br\/2022\/wp-content\/uploads\/2022\/07\/parceiros-e1658500288538.jpg 200w\" sizes=\"(max-width: 180px) 100vw, 180px\" \/><\/div><\/div><\/div><\/div>\n","protected":false},"excerpt":{"rendered":"","protected":false},"author":1,"featured_media":0,"parent":0,"menu_order":0,"comment_status":"closed","ping_status":"closed","template":"","meta":{"footnotes":""},"class_list":["post-5","page","type-page","status-publish","hentry"],"_links":{"self":[{"href":"https:\/\/scdrj.org.br\/2022\/wp-json\/wp\/v2\/pages\/5","targetHints":{"allow":["GET"]}}],"collection":[{"href":"https:\/\/scdrj.org.br\/2022\/wp-json\/wp\/v2\/pages"}],"about":[{"href":"https:\/\/scdrj.org.br\/2022\/wp-json\/wp\/v2\/types\/page"}],"author":[{"embeddable":true,"href":"https:\/\/scdrj.org.br\/2022\/wp-json\/wp\/v2\/users\/1"}],"replies":[{"embeddable":true,"href":"https:\/\/scdrj.org.br\/2022\/wp-json\/wp\/v2\/comments?post=5"}],"version-history":[{"count":140,"href":"https:\/\/scdrj.org.br\/2022\/wp-json\/wp\/v2\/pages\/5\/revisions"}],"predecessor-version":[{"id":3763,"href":"https:\/\/scdrj.org.br\/2022\/wp-json\/wp\/v2\/pages\/5\/revisions\/3763"}],"wp:attachment":[{"href":"https:\/\/scdrj.org.br\/2022\/wp-json\/wp\/v2\/media?parent=5"}],"curies":[{"name":"wp","href":"https:\/\/api.w.org\/{rel}","templated":true}]}}