{"id":559,"date":"2011-09-20T16:46:01","date_gmt":"2011-09-20T19:46:01","guid":{"rendered":"http:\/\/scdrj.org.br\/?page_id=559"},"modified":"2022-07-23T19:24:14","modified_gmt":"2022-07-23T22:24:14","slug":"entidades-odontologicas","status":"publish","type":"page","link":"https:\/\/scdrj.org.br\/2022\/links-uteis\/entidades-odontologicas\/","title":{"rendered":"Entidades Odontol\u00f3gicas"},"content":{"rendered":"<div id='full_slider_1'  class='avia-fullwidth-slider main_color avia-shadow   avia-builder-el-0  el_before_av_textblock  avia-builder-el-first   container_wrap sidebar_right'  ><div  class='avia-slideshow av-av_slideshow_full-b6ad6f5016cce3c4a8f312d8fa26af64 avia-slideshow-featured av_slideshow_full avia-slide-slider av-slideshow-ui av-control-default av-slideshow-manual av-loop-once av-loop-manual-endless av-default-height-applied   avia-slideshow-1' data-slideshow-options=\"{&quot;animation&quot;:&quot;slide&quot;,&quot;autoplay&quot;:false,&quot;loop_autoplay&quot;:&quot;once&quot;,&quot;interval&quot;:5,&quot;loop_manual&quot;:&quot;manual-endless&quot;,&quot;autoplay_stopper&quot;:false,&quot;noNavigation&quot;:false,&quot;bg_slider&quot;:false,&quot;keep_padding&quot;:false,&quot;hoverpause&quot;:false,&quot;show_slide_delay&quot;:0}\"  itemprop=\"image\" itemscope=\"itemscope\" itemtype=\"https:\/\/schema.org\/ImageObject\" ><ul class='avia-slideshow-inner ' style='padding-bottom: 28.666666666667%;'><li  class='avia-slideshow-slide av-av_slideshow_full-b6ad6f5016cce3c4a8f312d8fa26af64__0  av-single-slide slide-1 slide-odd'><div data-rel='slideshow-1' class='avia-slide-wrap '   ><img decoding=\"async\" class=\"wp-image-3441 avia-img-lazy-loading-not-3441\"  src=\"https:\/\/scdrj.org.br\/2022\/wp-content\/uploads\/2022\/07\/SCDRJ-capa-01-a-e1658452294812-1500x430.jpg\" width=\"1500\" height=\"430\" title='SCDRJ-capa-01-a' alt=''  itemprop=\"thumbnailUrl\"   \/><\/div><\/li><\/ul><\/div><\/div><div id='after_full_slider_1'  class='main_color av_default_container_wrap container_wrap sidebar_right'  ><div class='container av-section-cont-open' ><div class='template-page content  av-content-small alpha units'><div class='post-entry post-entry-type-page post-entry-559'><div class='entry-content-wrapper clearfix'>\n<section  class='av_textblock_section av-av_textblock-c485d65446d5a40a7b5bbc25f444d469'  itemscope=\"itemscope\" itemtype=\"https:\/\/schema.org\/CreativeWork\" ><div class='avia_textblock'  itemprop=\"text\" ><h1><strong>Entidades Odontol\u00f3gicas<\/strong><\/h1>\n<p><span style=\"font-size: small;\"><strong>Academia Brasileira de Odontologia Militar (ABOMI)<br \/>\n<\/strong>Rua Alcindo Guanabara, 17\/21 sl. 1001 a 1005 &#8211; Centro &#8211; RJ &#8211; CEP.:20.040-003<\/span><br \/>\n<span style=\"font-size: small;\">Tel\/Fax: (21) 2220-6798<\/span><\/p>\n<p><span style=\"font-size: small;\"><strong>Associa\u00e7\u00e3o Brasileira de Cirurgi\u00f5es-Dentistas Se\u00e7\u00e3o Rio de Janeiro (ABCD-RJ)<br \/>\n<\/strong>Avenida Ruy Fraz\u00e3o Soares, 191, grupos 205 a 207, Barra da Tijuca &#8211; Rio de Janeiro &#8211; RJ<\/span><br \/>\n<span style=\"font-size: small;\">Tel: (21) 2113-9207\/97969-2288<\/span><br \/>\n<span style=\"font-size: small;\"><a href=\"http:\/\/www.abcd-rj.org.br\/\">http:\/\/www.abcd-rj.org.br<\/a><\/span><\/p>\n<p><span style=\"font-size: small;\"><strong>Associa\u00e7\u00e3o Brasileira de Endodontia (ABE)<br \/>\n<\/strong>Av. Rio Branco, 81, 19\u00ba andar, Centro &#8211; RJ &#8211; CEP: 20040-004<\/span><br \/>\n<span style=\"font-size: small;\">Tel: (21) 98909-3701<br \/>\n<a href=\"http:\/\/www.aberj.com.br\/\">http:\/\/www.aberj.com.br\/<\/a><br \/>\n<\/span><\/p>\n<p><span style=\"font-size: small;\"><strong>Associa\u00e7\u00e3o Brasileira de Odontologia Se\u00e7\u00e3o Rio de Janeiro (ABO-RJ)<br \/>\n<\/strong>Rua Bar\u00e3o de Sert\u00f3rio, 75 &#8211; Rio Comprido \u2013 RJ \u2013 CEP: 20261-050<br \/>\nTel: (21) 2504-0002 \/ Fax: (21) 2504-3859<br \/>\n<a href=\"http:\/\/www.aborj.org.br\/\">http:\/\/www.aborj.org.br<\/a><\/span><\/p>\n<p><span style=\"font-size: small;\"><strong>Associa\u00e7\u00e3o Brasileira de Ortopedia dos Maxilares (ABOM)<br \/>\n<\/strong>Rua General Caldwell, 276 &#8211; 7\u00baandar &#8211; Centro \u2013 RJ &#8211; CEP: 20230-195<\/span><br \/>\n<span style=\"font-size: small;\">Tel \/ Fax: 21 2242-1624 \/ 2509-3005<\/span><br \/>\n<span style=\"font-size: small;\"><a href=\"http:\/\/www.abom.org.br\/\">http:\/\/www.abom.org.br<\/a><\/span><\/p>\n<p><span style=\"font-size: small;\"><strong>Conselho Regional de Odontologia do Rio de Janeiro (CRO-RJ)<br \/>\n<\/strong>Rua Ara\u00fajo Porto Alegre 70. 3\u00ba,4\u00ba e 5\u00ba andar &#8211; Centro \u2013 RJ &#8211; CEP: 20030-015<\/span><br \/>\n<span style=\"font-size: small;\">Tel: (21) 3505-7600 \/ Fax: (21) 2220-3775<\/span><br \/>\n<span style=\"font-size: small;\"><a href=\"http:\/\/www.cro-rj.org.br\/\">http:\/\/www.cro-rj.org.br<\/a><\/span><\/p>\n<p><span style=\"font-size: small;\"><strong>Conselho Federal de Odontologia (CFO)<br \/>\n<\/strong>Lote 2, Quadra CA-07, Centro de ATvidades do Setor de Habita\u00e7\u00f5es Individuais Norte Lago Norte, Bras\u00edlia, DF, CEP: 71503-507<\/span><br \/>\n<span style=\"font-size: small;\">Tel: (61) 3033-4499\/3033-4469<\/span><br \/>\n<span style=\"font-size: small;\"><a href=\"http:\/\/cfo.org.br\/\">http:\/\/cfo.org.br<\/a><\/span><\/p>\n<p><span style=\"font-size: small;\"><strong>Sindicato dos Empregados em Estabelecimentos de Servi\u00e7os de Sa\u00fade do Rio de Janeiro (SEESS<\/strong>)<\/span><br \/>\n<span style=\"font-size: small;\">Rua Alvaro Alvin, 31 &#8211; Grupo 901 &#8211; Centro &#8211; Rio de Janeiro &#8211; CEP: 20031-010<\/span><br \/>\n<span style=\"font-size: small;\">Tel.: (21) 3177-7777 \/ Fax: 3525-477 \/ Fax (Dept\u00ba Jur\u00eddico): 3525-4778<\/span><br \/>\n<span style=\"font-size: small;\"><a href=\"http:\/\/www.sindsauderio.org.br\">http:\/\/www.sindsauderio.org.br<\/a><\/span><\/p>\n<p><span style=\"font-size: small;\"><strong>Sindicato dos Prot\u00e9ticos Dent\u00e1rios do Estado do Rio de Janeiro (SPDERJ)<\/strong><\/span><br \/>\n<span style=\"font-size: small;\">Rua Alcindo Guanabara 17\/21, sala 1306 \u2013 Centro \u2013 RJ \u2013 CEP: 20031-130<\/span><br \/>\n<span style=\"font-size: small;\">Tel:2524-0627 \/ Fax:2220-0350<br \/>\n<a href=\"https:\/\/www.spderj.org.br\/\">https:\/\/www.spderj.org.br\/<\/a><\/span><\/p>\n<p><span style=\"font-size: small;\"><strong>Sociedade Brasileira de Ortodontia (SBO)<\/strong><\/span><br \/>\n<span style=\"font-size: small;\">Rua Visconde de Piraj\u00e1, 111\/420 &#8211; Ipanema &#8211; Rio de Janeiro &#8211; CEP: 22410-001<\/span><br \/>\n<span style=\"font-size: small;\">Tel: 55 (21) 2522-2613 | Fax: 55 (21) 2287-8156<\/span><br \/>\n<span style=\"font-size: small;\"><a href=\"http:\/\/www.sbo.org.br\/\">http:\/\/www.sbo.org.br<\/a><\/span><\/p>\n<\/div><\/section>\n","protected":false},"excerpt":{"rendered":"","protected":false},"author":1,"featured_media":0,"parent":37,"menu_order":0,"comment_status":"closed","ping_status":"closed","template":"","meta":{"footnotes":""},"class_list":["post-559","page","type-page","status-publish","hentry"],"_links":{"self":[{"href":"https:\/\/scdrj.org.br\/2022\/wp-json\/wp\/v2\/pages\/559","targetHints":{"allow":["GET"]}}],"collection":[{"href":"https:\/\/scdrj.org.br\/2022\/wp-json\/wp\/v2\/pages"}],"about":[{"href":"https:\/\/scdrj.org.br\/2022\/wp-json\/wp\/v2\/types\/page"}],"author":[{"embeddable":true,"href":"https:\/\/scdrj.org.br\/2022\/wp-json\/wp\/v2\/users\/1"}],"replies":[{"embeddable":true,"href":"https:\/\/scdrj.org.br\/2022\/wp-json\/wp\/v2\/comments?post=559"}],"version-history":[{"count":1,"href":"https:\/\/scdrj.org.br\/2022\/wp-json\/wp\/v2\/pages\/559\/revisions"}],"predecessor-version":[{"id":3554,"href":"https:\/\/scdrj.org.br\/2022\/wp-json\/wp\/v2\/pages\/559\/revisions\/3554"}],"up":[{"embeddable":true,"href":"https:\/\/scdrj.org.br\/2022\/wp-json\/wp\/v2\/pages\/37"}],"wp:attachment":[{"href":"https:\/\/scdrj.org.br\/2022\/wp-json\/wp\/v2\/media?parent=559"}],"curies":[{"name":"wp","href":"https:\/\/api.w.org\/{rel}","templated":true}]}}