{"id":861,"date":"2014-03-17T13:57:04","date_gmt":"2014-03-17T16:57:04","guid":{"rendered":"http:\/\/scdrj.org.br\/?page_id=861"},"modified":"2014-03-17T13:57:04","modified_gmt":"2014-03-17T16:57:04","slug":"conheca-os-seus-direitos","status":"publish","type":"page","link":"https:\/\/scdrj.org.br\/2022\/conheca-os-seus-direitos\/","title":{"rendered":"Conhe\u00e7a os seus direitos"},"content":{"rendered":"<h1 style=\"text-align: justify;\"><strong>Exija os seus direitos<\/strong><\/h1>\n<p style=\"text-align: justify;\"><strong>Conhe\u00e7a os direitos do consumidor:<\/strong><\/p>\n<p style=\"text-align: justify;\">\u2022 Cobran\u00e7a indevida deve ser devolvida em dobro;<\/p>\n<p style=\"text-align: justify;\">\u2022 Inexiste valor m\u00ednimo para compra com cart\u00e3o;<\/p>\n<p style=\"text-align: justify;\">\u2022 Passagens de \u00f4nibus t\u00eam validade de um ano;<\/p>\n<p style=\"text-align: justify;\">\u2022 Ap\u00f3s quitar a d\u00edvida, seu nome deve sair do Serasa em at\u00e9 5 dias;<\/p>\n<p style=\"text-align: justify;\">\u2022 A construtora deve pagar indeniza\u00e7\u00e3o por atraso da entrega da obra;<\/p>\n<p style=\"text-align: justify;\">\u2022 Os servi\u00e7os banc\u00e1rios (tal\u00e3o de cheques, cart\u00e3o da conta, etc) s\u00e3o GRATUITOS;<\/p>\n<p style=\"text-align: justify;\">\u2022 A taxa de cobran\u00e7a por emiss\u00e3o de boleto de empresa da qual \u00e9 cliente \u00e9 INDEVIDA;<\/p>\n<p style=\"text-align: justify;\">\u2022 Contratar seguro de cart\u00e3o de cr\u00e9dito n\u00e3o \u00e9 OBRIGAT\u00d3RIO;<\/p>\n<p style=\"text-align: justify;\">\u2022 Depois da entrega de compras por internet, voc\u00ea tem at\u00e9 sete dias para DESISTIR, sem as despesas da compra e dos correios;<\/p>\n<p style=\"text-align: justify;\">\u2022 Voc\u00ea pode suspender servi\u00e7os de TV a cabo, telefone (fixo e celular), \u00e1gua e luz, SEM CUSTO por at\u00e9 120 dias, em alguns casos e indeterminadamente em outros.<\/p>\n<p style=\"text-align: justify;\"><em><strong>Todos esses direitos integram o C\u00f3digo de Defesa do Consumidor. Se necess\u00e1rio, procurar os \u00f3rg\u00e3os de Defesa do Consumidor (Procon, Alerj, C\u00e2mara Municipal) ou ingressar na Justi\u00e7a, fazendo sempre apresenta\u00e7\u00e3o de provas.<\/strong><\/em><\/p>\n","protected":false},"excerpt":{"rendered":"<p>Exija os seus direitos Conhe\u00e7a os direitos do consumidor: \u2022 Cobran\u00e7a indevida deve ser devolvida em dobro; \u2022 Inexiste valor m\u00ednimo para compra com cart\u00e3o; \u2022 Passagens de \u00f4nibus t\u00eam validade de um ano; \u2022 Ap\u00f3s quitar a d\u00edvida, seu nome deve sair do Serasa em at\u00e9 5 dias; \u2022 A construtora deve pagar indeniza\u00e7\u00e3o [&hellip;]<\/p>\n","protected":false},"author":1,"featured_media":0,"parent":0,"menu_order":0,"comment_status":"open","ping_status":"open","template":"onecolumn-page.php","meta":{"footnotes":""},"class_list":["post-861","page","type-page","status-publish","hentry"],"_links":{"self":[{"href":"https:\/\/scdrj.org.br\/2022\/wp-json\/wp\/v2\/pages\/861","targetHints":{"allow":["GET"]}}],"collection":[{"href":"https:\/\/scdrj.org.br\/2022\/wp-json\/wp\/v2\/pages"}],"about":[{"href":"https:\/\/scdrj.org.br\/2022\/wp-json\/wp\/v2\/types\/page"}],"author":[{"embeddable":true,"href":"https:\/\/scdrj.org.br\/2022\/wp-json\/wp\/v2\/users\/1"}],"replies":[{"embeddable":true,"href":"https:\/\/scdrj.org.br\/2022\/wp-json\/wp\/v2\/comments?post=861"}],"version-history":[{"count":0,"href":"https:\/\/scdrj.org.br\/2022\/wp-json\/wp\/v2\/pages\/861\/revisions"}],"wp:attachment":[{"href":"https:\/\/scdrj.org.br\/2022\/wp-json\/wp\/v2\/media?parent=861"}],"curies":[{"name":"wp","href":"https:\/\/api.w.org\/{rel}","templated":true}]}}