{"id":863,"date":"2011-10-18T10:09:32","date_gmt":"2011-10-18T13:09:32","guid":{"rendered":"http:\/\/scdrj.org.br\/?page_id=863"},"modified":"2022-07-22T09:54:25","modified_gmt":"2022-07-22T12:54:25","slug":"defenda-os-seus-direitos-trabalhistas","status":"publish","type":"page","link":"https:\/\/scdrj.org.br\/2022\/defenda-os-seus-direitos-trabalhistas\/","title":{"rendered":"Defenda os seus direitos trabalhistas!"},"content":{"rendered":"<div id='full_slider_1'  class='avia-fullwidth-slider main_color avia-shadow   avia-builder-el-0  el_before_av_textblock  avia-builder-el-first   container_wrap sidebar_right'  ><div  class='avia-slideshow av-av_slideshow_full-b6ad6f5016cce3c4a8f312d8fa26af64 avia-slideshow-featured av_slideshow_full avia-slide-slider av-slideshow-ui av-control-default av-slideshow-manual av-loop-once av-loop-manual-endless av-default-height-applied   avia-slideshow-1' data-slideshow-options=\"{&quot;animation&quot;:&quot;slide&quot;,&quot;autoplay&quot;:false,&quot;loop_autoplay&quot;:&quot;once&quot;,&quot;interval&quot;:5,&quot;loop_manual&quot;:&quot;manual-endless&quot;,&quot;autoplay_stopper&quot;:false,&quot;noNavigation&quot;:false,&quot;bg_slider&quot;:false,&quot;keep_padding&quot;:false,&quot;hoverpause&quot;:false,&quot;show_slide_delay&quot;:0}\"  itemprop=\"image\" itemscope=\"itemscope\" itemtype=\"https:\/\/schema.org\/ImageObject\" ><ul class='avia-slideshow-inner ' style='padding-bottom: 28.666666666667%;'><li  class='avia-slideshow-slide av-av_slideshow_full-b6ad6f5016cce3c4a8f312d8fa26af64__0  av-single-slide slide-1 slide-odd'><div data-rel='slideshow-1' class='avia-slide-wrap '   ><img decoding=\"async\" class=\"wp-image-3441 avia-img-lazy-loading-not-3441\"  src=\"https:\/\/scdrj.org.br\/2022\/wp-content\/uploads\/2022\/07\/SCDRJ-capa-01-a-e1658452294812-1500x430.jpg\" width=\"1500\" height=\"430\" title='SCDRJ-capa-01-a' alt=''  itemprop=\"thumbnailUrl\"   \/><\/div><\/li><\/ul><\/div><\/div><div id='after_full_slider_1'  class='main_color av_default_container_wrap container_wrap sidebar_right'  ><div class='container av-section-cont-open' ><div class='template-page content  av-content-small alpha units'><div class='post-entry post-entry-type-page post-entry-863'><div class='entry-content-wrapper clearfix'>\n<section  class='av_textblock_section av-av_textblock-c485d65446d5a40a7b5bbc25f444d469'  itemscope=\"itemscope\" itemtype=\"https:\/\/schema.org\/CreativeWork\" ><div class='avia_textblock'  itemprop=\"text\" ><h1><strong>Defenda os seus direitos trabalhistas!<\/strong><\/h1>\n<p style=\"text-align: justify;\"><strong>1) Quais os riscos para o empregador que n\u00e3o assina a carteira de trabalho?<\/strong><\/p>\n<p style=\"text-align: justify;\">A carteira de trabalho (CTPS) deve ser anotada e assinada a partir de 48 horas da admiss\u00e3o (art. 29 da CLT). A n\u00e3o assinatura da CTPS exp\u00f5e o empregador ao risco permanente de responder na Justi\u00e7a do Trabalho por descumprimento das leis trabalhistas.<\/p>\n<p style=\"text-align: justify;\"><strong>2) O que \u00e9 rescis\u00e3o indireta de contrato de trabalho?<\/strong><\/p>\n<p style=\"text-align: justify;\">Ato de iniciativa do empregado em rescindir o contrato de trabalho mantido com seu empregador, via judicial, quando este descumpre o contrato, causando preju\u00edzos na continuidade da rela\u00e7\u00e3o de emprego(art. 483 da CLT).<\/p>\n<p style=\"text-align: justify;\"><strong>3) Quais s\u00e3o os requisitos do v\u00ednculo empregat\u00edcio?<\/strong><\/p>\n<p style=\"text-align: justify; padding-left: 30px;\"><strong>1\u00ba) <span style=\"text-decoration: underline;\">Onerosidade<\/span><\/strong> (trabalho remunerado);<\/p>\n<p style=\"text-align: justify; padding-left: 30px;\"><strong>2\u00ba) <span style=\"text-decoration: underline;\">Pessoalidade<\/span><\/strong> na presta\u00e7\u00e3o do servi\u00e7o;<\/p>\n<p style=\"text-align: justify; padding-left: 30px;\"><strong>3\u00ba)<\/strong> <strong><span style=\"text-decoration: underline;\">Subordina\u00e7\u00e3o<\/span><\/strong> hier\u00e1rquica;<\/p>\n<p style=\"text-align: justify; padding-left: 30px;\"><strong>4\u00ba)<\/strong> <strong><span style=\"text-decoration: underline;\">N\u00e3o eventualidade<\/span><\/strong> na presta\u00e7\u00e3o do servi\u00e7o.<\/p>\n<p style=\"text-align: justify;\"><strong><span style=\"text-decoration: underline;\">OBS.:<\/span><\/strong> Trabalho volunt\u00e1rio (Lei 9608\/98) e est\u00e1gio (Lei 11.788\/2009) n\u00e3o geram v\u00ednculo empregat\u00edcio;<\/p>\n<p style=\"text-align: justify;\"><strong>4) O que s\u00e3o provas testemunhal e documental?<\/strong><\/p>\n<p style=\"text-align: justify;\">A <strong>prova testemunhal<\/strong> consiste na apura\u00e7\u00e3o de fatos por meio de depoimento das testemunhas arroladas pelas partes em processo judicial.<\/p>\n<p style=\"text-align: justify;\">A <strong>prova documental<\/strong>, imprescind\u00edvel ao julgamento de qualquer demanda ou lit\u00edgio, consiste na juntada da documenta\u00e7\u00e3o necess\u00e1ria para o convencimento do Ju\u00edzo a respeito da tese defendida pela parte.<\/p>\n<p style=\"text-align: justify;\"><strong>5) O que \u00e9 per\u00edcia judicial?<\/strong><\/p>\n<p style=\"text-align: justify;\">Exame t\u00e9cnico realizado em demandas judiciais por profissionais da confian\u00e7a do Ju\u00edzo, com forma\u00e7\u00e3o espec\u00edfica, gradua\u00e7\u00e3o e capacita\u00e7\u00e3o peculiar. Nos casos trabalhistas em que o cirurgi\u00e3o-dentista pleiteia adicional de insalubridade ou de periculosidade, o juiz nomeia um perito para proceder dilig\u00eancias e apurar efetivamente se o profissional tem ou n\u00e3o direito aos referidos pleitos. Na \u00e1rea trabalhista, o cirurgi\u00e3o-dentista paga os honor\u00e1rios do perito. Ganhando a a\u00e7\u00e3o receber\u00e1 da parte perdedora tal pagamento corrigido. Se acionado na justi\u00e7a comum por neglig\u00eancia ou imper\u00edcia, o juiz, para elucidar a mat\u00e9ria controvertida, determina a produ\u00e7\u00e3o de prova pericial, bem como decide qual das partes dever\u00e1 pagar os honor\u00e1rios do perito. Nos Juizados Especiais, n\u00e3o h\u00e1 per\u00edcias t\u00e9cnicas.<\/p>\n<p style=\"text-align: justify;\"><strong>6) O que \u00e9 alvar\u00e1 de pagamento?<\/strong><\/p>\n<p style=\"text-align: justify;\">Documento expedido pelo Ju\u00edzo autorizando o pagamento da indeniza\u00e7\u00e3o pecuni\u00e1ria decorrente da execu\u00e7\u00e3o de senten\u00e7a irrecorr\u00edvel, favor\u00e1vel ao reclamante.<\/p>\n<p style=\"text-align: justify;\"><strong>7) O pagamento de comiss\u00e3o sobre o faturamento de cl\u00ednica ou consult\u00f3rio \u00e9 legal?<\/strong><\/p>\n<p style=\"text-align: justify;\">Pr\u00e1tica muito comum no trabalho odontol\u00f3gico e realizada por cl\u00ednicas m\u00e9dico-odontol\u00f3gicas, consult\u00f3rios odontol\u00f3gicos e entidades sem fins lucrativos mascarando o v\u00ednculo empregat\u00edcio. Havendo <strong>onerosidade, subordina\u00e7\u00e3o hier\u00e1rquica, pessoalidade e n\u00e3o eventualidade<\/strong> o v\u00ednculo empregat\u00edcio (art. 3\u00ba da CLT). O cirurgi\u00e3o-dentista deve ingressar com reclama\u00e7\u00e3o pedindo seu reconhecimento e o pagamento das verbas devidas.<\/p>\n<\/div><\/section>\n","protected":false},"excerpt":{"rendered":"","protected":false},"author":1,"featured_media":0,"parent":0,"menu_order":0,"comment_status":"closed","ping_status":"closed","template":"","meta":{"footnotes":""},"class_list":["post-863","page","type-page","status-publish","hentry"],"_links":{"self":[{"href":"https:\/\/scdrj.org.br\/2022\/wp-json\/wp\/v2\/pages\/863","targetHints":{"allow":["GET"]}}],"collection":[{"href":"https:\/\/scdrj.org.br\/2022\/wp-json\/wp\/v2\/pages"}],"about":[{"href":"https:\/\/scdrj.org.br\/2022\/wp-json\/wp\/v2\/types\/page"}],"author":[{"embeddable":true,"href":"https:\/\/scdrj.org.br\/2022\/wp-json\/wp\/v2\/users\/1"}],"replies":[{"embeddable":true,"href":"https:\/\/scdrj.org.br\/2022\/wp-json\/wp\/v2\/comments?post=863"}],"version-history":[{"count":1,"href":"https:\/\/scdrj.org.br\/2022\/wp-json\/wp\/v2\/pages\/863\/revisions"}],"predecessor-version":[{"id":3511,"href":"https:\/\/scdrj.org.br\/2022\/wp-json\/wp\/v2\/pages\/863\/revisions\/3511"}],"wp:attachment":[{"href":"https:\/\/scdrj.org.br\/2022\/wp-json\/wp\/v2\/media?parent=863"}],"curies":[{"name":"wp","href":"https:\/\/api.w.org\/{rel}","templated":true}]}}