{"id":876,"date":"2011-10-18T13:43:44","date_gmt":"2011-10-18T16:43:44","guid":{"rendered":"http:\/\/scdrj.org.br\/?page_id=876"},"modified":"2022-07-23T14:26:21","modified_gmt":"2022-07-23T17:26:21","slug":"raios-x-aspectos-legais","status":"publish","type":"page","link":"https:\/\/scdrj.org.br\/2022\/orgaos-publicos\/raios-x-aspectos-legais\/","title":{"rendered":"Raios X &#8211; Aspectos Legais"},"content":{"rendered":"<div id='full_slider_1'  class='avia-fullwidth-slider main_color avia-shadow   avia-builder-el-0  el_before_av_textblock  avia-builder-el-first   container_wrap sidebar_right'  ><div  class='avia-slideshow av-av_slideshow_full-b6ad6f5016cce3c4a8f312d8fa26af64 avia-slideshow-featured av_slideshow_full avia-slide-slider av-slideshow-ui av-control-default av-slideshow-manual av-loop-once av-loop-manual-endless av-default-height-applied   avia-slideshow-1' data-slideshow-options=\"{&quot;animation&quot;:&quot;slide&quot;,&quot;autoplay&quot;:false,&quot;loop_autoplay&quot;:&quot;once&quot;,&quot;interval&quot;:5,&quot;loop_manual&quot;:&quot;manual-endless&quot;,&quot;autoplay_stopper&quot;:false,&quot;noNavigation&quot;:false,&quot;bg_slider&quot;:false,&quot;keep_padding&quot;:false,&quot;hoverpause&quot;:false,&quot;show_slide_delay&quot;:0}\"  itemprop=\"image\" itemscope=\"itemscope\" itemtype=\"https:\/\/schema.org\/ImageObject\" ><ul class='avia-slideshow-inner ' style='padding-bottom: 28.666666666667%;'><li  class='avia-slideshow-slide av-av_slideshow_full-b6ad6f5016cce3c4a8f312d8fa26af64__0  av-single-slide slide-1 slide-odd'><div data-rel='slideshow-1' class='avia-slide-wrap '   ><img decoding=\"async\" class=\"wp-image-3441 avia-img-lazy-loading-not-3441\"  src=\"https:\/\/scdrj.org.br\/2022\/wp-content\/uploads\/2022\/07\/SCDRJ-capa-01-a-e1658452294812-1500x430.jpg\" width=\"1500\" height=\"430\" title='SCDRJ-capa-01-a' alt=''  itemprop=\"thumbnailUrl\"   \/><\/div><\/li><\/ul><\/div><\/div><div id='after_full_slider_1'  class='main_color av_default_container_wrap container_wrap sidebar_right'  ><div class='container av-section-cont-open' ><div class='template-page content  av-content-small alpha units'><div class='post-entry post-entry-type-page post-entry-876'><div class='entry-content-wrapper clearfix'>\n<section  class='av_textblock_section av-av_textblock-c485d65446d5a40a7b5bbc25f444d469'  itemscope=\"itemscope\" itemtype=\"https:\/\/schema.org\/CreativeWork\" ><div class='avia_textblock'  itemprop=\"text\" ><h1>RAIOS X \u2013 ASPECTOS LEGAIS<\/h1>\n<p style=\"text-align: justify;\">Com a implanta\u00e7\u00e3o da <a href=\"http:\/\/www.lcr.uerj.br\/downloads\/portaria_SVS_453_98.pdf\">portaria\u00a0453\/98<\/a> da SES\/RJ, o cadastro, controle e renova\u00e7\u00e3o de laudo t\u00e9cnico s\u00e3o realizados pela empresa <strong>LCR \u2013 Laborat\u00f3rio de Ci\u00eancias Radiol\u00f3gicas da UERJ<\/strong>, que exerce o controle das condi\u00e7\u00f5es de funcionamento e de radioprote\u00e7\u00e3o dos equipamentos radiol\u00f3gicos, tanto em consult\u00f3rios como hospitais, cl\u00ednicas e similares. Se voc\u00ea necessita instalar um equipamento radiol\u00f3gico saiba que \u00e9 obrigat\u00f3rio a obten\u00e7\u00e3o de um relat\u00f3rio t\u00e9cnico para instruir o processo de licenciamento junto a Vigil\u00e2ncia Sanit\u00e1ria da Secretaria de Estado de Sa\u00fade. Para obter o laudo inicial ou sua renova\u00e7\u00e3o, acesse <a href=\"http:\/\/www.prsonline.com.br\/\">http:\/\/www.prsonline.com.br\/<\/a>\u00a0e efetue o seu cadastro.<\/p>\n<p style=\"text-align: center;\"><strong>LCR \u2013 Laborat\u00f3rio de Ci\u00eancias Radiol\u00f3gicas da UERJ<br \/>\n<\/strong><span style=\"font-size: small;\">Rua S\u00e3o Francisco Xavier, 524 &#8211; Maracan\u00e3 &#8211; Pavilh\u00e3o Haroldo Lisboa da Cunha &#8211; Sala 136, T\u00e9rreo,\u00a0<\/span><span style=\"font-size: small;\">CEP: 20550-900<br \/>\nTel: 2334-0725 | 2334-0726 | 2334-0727 &#8211; Fax: 2334-2143 &#8211; laboratoriolcruerj@gmail.com<br \/>\nHor\u00e1rio de funcionamento: 9 \u00e0s 17 horas<\/span><\/p>\n<\/div><\/section>\n","protected":false},"excerpt":{"rendered":"","protected":false},"author":1,"featured_media":0,"parent":851,"menu_order":0,"comment_status":"closed","ping_status":"closed","template":"","meta":{"footnotes":""},"class_list":["post-876","page","type-page","status-publish","hentry"],"_links":{"self":[{"href":"https:\/\/scdrj.org.br\/2022\/wp-json\/wp\/v2\/pages\/876","targetHints":{"allow":["GET"]}}],"collection":[{"href":"https:\/\/scdrj.org.br\/2022\/wp-json\/wp\/v2\/pages"}],"about":[{"href":"https:\/\/scdrj.org.br\/2022\/wp-json\/wp\/v2\/types\/page"}],"author":[{"embeddable":true,"href":"https:\/\/scdrj.org.br\/2022\/wp-json\/wp\/v2\/users\/1"}],"replies":[{"embeddable":true,"href":"https:\/\/scdrj.org.br\/2022\/wp-json\/wp\/v2\/comments?post=876"}],"version-history":[{"count":1,"href":"https:\/\/scdrj.org.br\/2022\/wp-json\/wp\/v2\/pages\/876\/revisions"}],"predecessor-version":[{"id":3546,"href":"https:\/\/scdrj.org.br\/2022\/wp-json\/wp\/v2\/pages\/876\/revisions\/3546"}],"up":[{"embeddable":true,"href":"https:\/\/scdrj.org.br\/2022\/wp-json\/wp\/v2\/pages\/851"}],"wp:attachment":[{"href":"https:\/\/scdrj.org.br\/2022\/wp-json\/wp\/v2\/media?parent=876"}],"curies":[{"name":"wp","href":"https:\/\/api.w.org\/{rel}","templated":true}]}}