{"id":99,"date":"2011-09-10T12:06:13","date_gmt":"2011-09-10T15:06:13","guid":{"rendered":"http:\/\/scdrj.org.br\/?page_id=99"},"modified":"2022-07-22T09:00:59","modified_gmt":"2022-07-22T12:00:59","slug":"receituario","status":"publish","type":"page","link":"https:\/\/scdrj.org.br\/2022\/receituario\/","title":{"rendered":"Receitu\u00e1rio"},"content":{"rendered":"<div id='full_slider_1'  class='avia-fullwidth-slider main_color avia-shadow   avia-builder-el-0  el_before_av_textblock  avia-builder-el-first   container_wrap sidebar_right'  ><div  class='avia-slideshow av-av_slideshow_full-b6ad6f5016cce3c4a8f312d8fa26af64 avia-slideshow-featured av_slideshow_full avia-slide-slider av-slideshow-ui av-control-default av-slideshow-manual av-loop-once av-loop-manual-endless av-default-height-applied   avia-slideshow-1' data-slideshow-options=\"{&quot;animation&quot;:&quot;slide&quot;,&quot;autoplay&quot;:false,&quot;loop_autoplay&quot;:&quot;once&quot;,&quot;interval&quot;:5,&quot;loop_manual&quot;:&quot;manual-endless&quot;,&quot;autoplay_stopper&quot;:false,&quot;noNavigation&quot;:false,&quot;bg_slider&quot;:false,&quot;keep_padding&quot;:false,&quot;hoverpause&quot;:false,&quot;show_slide_delay&quot;:0}\"  itemprop=\"image\" itemscope=\"itemscope\" itemtype=\"https:\/\/schema.org\/ImageObject\" ><ul class='avia-slideshow-inner ' style='padding-bottom: 28.666666666667%;'><li  class='avia-slideshow-slide av-av_slideshow_full-b6ad6f5016cce3c4a8f312d8fa26af64__0  av-single-slide slide-1 slide-odd'><div data-rel='slideshow-1' class='avia-slide-wrap '   ><img decoding=\"async\" class=\"wp-image-3441 avia-img-lazy-loading-not-3441\"  src=\"https:\/\/scdrj.org.br\/2022\/wp-content\/uploads\/2022\/07\/SCDRJ-capa-01-a-e1658452294812-1500x430.jpg\" width=\"1500\" height=\"430\" title='SCDRJ-capa-01-a' alt=''  itemprop=\"thumbnailUrl\"   \/><\/div><\/li><\/ul><\/div><\/div><div id='after_full_slider_1'  class='main_color av_default_container_wrap container_wrap sidebar_right'  ><div class='container av-section-cont-open' ><div class='template-page content  av-content-small alpha units'><div class='post-entry post-entry-type-page post-entry-99'><div class='entry-content-wrapper clearfix'>\n<section  class='av_textblock_section av-av_textblock-c485d65446d5a40a7b5bbc25f444d469'  itemscope=\"itemscope\" itemtype=\"https:\/\/schema.org\/CreativeWork\" ><div class='avia_textblock'  itemprop=\"text\" ><h1 style=\"text-align: center;\">Receitu\u00e1rio<\/h1>\n<p style=\"text-align: center;\"><strong>Prescri\u00e7\u00e3o de medicamentos pelo cirurgi\u00e3o-dentista<\/strong><\/p>\n<p style=\"text-align: justify;\">A Lei 5.081 de 24\/08\/1966, que regula o exerc\u00edcio da odontologia, determina no art. 6, item II: <em>&#8220;Compete ao cirurgi\u00e3o-dentista prescrever e aplicar especialidades farmac\u00eauticas de uso interno e externo, indicadas em odontologia&#8221;.<\/em> No mesmo artigo, item VIII, acrescenta: <em>&#8220;compete ao cirurgi\u00e3o-dentista prescrever e aplicar medica\u00e7\u00e3o de urg\u00eancia no caso de acidentes graves que comprometam a vida e a sa\u00fade do paciente&#8221;.<\/em><\/p>\n<p style=\"text-align: justify;\">Sobre os medicamentos sujeitos a controle especial (de receita retida), a Portaria 344\/98, do Minist\u00e9rio da Sa\u00fade, que disp\u00f5e sobre tais medicamentos, esclarece, nos artigos 38 e 55 \u00a71: <em>&#8220;As prescri\u00e7\u00f5es por cirurgi\u00f5es-dentistas e m\u00e9dicos veterin\u00e1rios s\u00f3 poder\u00e3o ser feitas para uso odontol\u00f3gico e veterin\u00e1rio, respectivamente&#8221;,<\/em> referindo-se \u00e0s prescri\u00e7\u00f5es na Notifica\u00e7\u00e3o de Receita B (&#8220;receita azul&#8221;) ou na receita em duas vias, que ser\u00e3o comentadas no decorrer do texto.<\/p>\n<p style=\"text-align: justify;\">Estes aspectos legais foram citados para esclarecer ao profissional que sua prescri\u00e7\u00e3o deve ater-se ao \u00e2mbito da odontologia, n\u00e3o sendo amparada para outras situa\u00e7\u00f5es (salvo no citado no artigo 6 item VIII da Lei 5.081, j\u00e1 visto acima).<\/p>\n<p style=\"text-align: justify;\">Tal determina\u00e7\u00e3o \u00e9 justificada, visto a especificidade na forma\u00e7\u00e3o do cirurgi\u00e3o-dentista. Assim, os medicamentos comuns na rotina da prescri\u00e7\u00e3o odontol\u00f3gica s\u00e3o os antiinflamat\u00f3rios (n\u00e3o-ester\u00f3ides, os AINE, e os cortic\u00f3ides, com menos freq\u00fc\u00eancia), antibi\u00f3ticos, analg\u00e9sicos, antiss\u00e9pticos.<\/p>\n<p style=\"text-align: justify;\">Quanto aos medicamentos sujeitos \u00e0 reten\u00e7\u00e3o da receita, o cirurgi\u00e3o-dentista \u00e9 apto a prescrever ansiol\u00edticos (sedativos), inclusive os prescritos na Notifica\u00e7\u00e3o de Receita B (azul), que s\u00e3o os benzodiazep\u00ednicos, como o diazepam (Valium), bromazepam (Lexotan), alprazolam (Frontal), lorazepam (Lorax), e outros do mesmo grupo, de uso comum no pr\u00e9 e p\u00f3s-procedimento, para aliviar a tens\u00e3o comum a muitos pacientes.<\/p>\n<p style=\"text-align: justify;\">Para a receita comum com c\u00f3pia (tamb\u00e9m sujeita \u00e0 reten\u00e7\u00e3o), os itens mais comuns na prescri\u00e7\u00e3o odontol\u00f3gica s\u00e3o os analg\u00e9sicos chamados opi\u00e1ceos fracos (derivados, sint\u00e9ticos ou n\u00e3o, da morfina, com potencial de depend\u00eancia bem menor, e menor poder analg\u00e9sico), que s\u00e3o a code\u00edna, usada geralmente em associa\u00e7\u00e3o a outro analg\u00e9sico ou antiinflamat\u00f3rio (Tylex , Codaten), e o cloridrato de tramadol (Tramal, Sylador). Ainda neste tipo de receitu\u00e1rio est\u00e3o alguns antidepressivos chamados tric\u00edclicos, utilizados no tratamento de dores neurog\u00eanicas; dentre estes citamos a amitriptilina (Tryptanol) e a clomipramina (Anafranil). S\u00e3o administrados como adjuvantes na terapia analg\u00e9sica das dores neurog\u00eanicas intensas no rosto.<\/p>\n<p style=\"text-align: justify;\">Para providenciar o bloco de receitu\u00e1rio das Notifica\u00e7\u00f5es B (a &#8220;receita azul&#8221;), o cirurgi\u00e3o-dentista deve procurar o \u00f3rg\u00e3o de Vigil\u00e2ncia Sanit\u00e1ria (onde ele obteve a licen\u00e7a de funcionamento do consult\u00f3rio, e a vistoria do aparelho de Raios-X) para retirar a numera\u00e7\u00e3o das receitas. Na primeira solicita\u00e7\u00e3o, o profissional deve ir pessoalmente para fazer seu cadastro junto \u00e0 Vigil\u00e2ncia, munido da documenta\u00e7\u00e3o (RG, carteira do CRO, carimbo), ou enviar portador autorizado. \u00c9 preciso estar em dia com a licen\u00e7a para se cadastrar. O bloco do receitu\u00e1rio azul deve ser feito em gr\u00e1fica, \u00e0s expensas do profissional, conforme o modelo fornecido pela autoridade sanit\u00e1ria.<\/p>\n<p style=\"text-align: justify;\">H\u00e1 limite para estas prescri\u00e7\u00f5es. Em geral, pode ser atendida a quantidade de medica\u00e7\u00e3o suficiente para 60 (sessenta) dias de tratamento. No caso de prescri\u00e7\u00f5es pelo cirurgi\u00e3o-dentista esta limita\u00e7\u00e3o n\u00e3o constitui problema, j\u00e1 que as prescri\u00e7\u00f5es s\u00e3o feitas para per\u00edodos curtos de uso.<\/p>\n<p style=\"text-align: justify;\">Ainda com rela\u00e7\u00e3o \u00e0 receita, ou prescri\u00e7\u00e3o odontol\u00f3gica, lembramos que se trata de um documento, que orienta o paciente quanto \u00e0 medica\u00e7\u00e3o e demais condutas a serem seguidas. Descreveremos abaixo, de forma resumida, as determina\u00e7\u00f5es da Resolu\u00e7\u00e3o 357\/01 de 20\/04\/2001, do Conselho Federal de Farm\u00e1cia (CFF), sobre o que deve ser observado numa prescri\u00e7\u00e3o (m\u00e9dica, odontol\u00f3gica ou veterin\u00e1ria).<\/p>\n<p style=\"text-align: justify;\">Assim como o CFF orienta o farmac\u00eautico para proceder o atendimento, os demais \u00f3rg\u00e3os profissionais tamb\u00e9m t\u00eam estas determina\u00e7\u00f5es em sua legisla\u00e7\u00e3o espec\u00edfica, de forma a confeccionar a prescri\u00e7\u00e3o com o cuidado e crit\u00e9rio necess\u00e1rios.<\/p>\n<p style=\"text-align: justify;\">A receita deve ser escrita em letra leg\u00edvel, podendo ser feita em computador.<\/p>\n<p style=\"text-align: justify;\">Deve conter o nome completo do paciente, e quanto \u00e0 medica\u00e7\u00e3o, deve-se escrever de forma clara o nome do medicamento (c\u00f3digos ou siglas n\u00e3o s\u00e3o permitidos), a forma farmac\u00eautica (comprimido, suspens\u00e3o, pomada, etc.) e a posologia (modo de utiliza\u00e7\u00e3o e a dura\u00e7\u00e3o do tratamento). A prescri\u00e7\u00e3o n\u00e3o pode conter rasuras ou emendas, e deve ser observado o sistema de pesos e medidas oficial do pa\u00eds.<\/p>\n<p style=\"text-align: justify;\">Deve estar impresso na receita o nome, endere\u00e7o e inscri\u00e7\u00e3o do respectivo Conselho Profissional (no caso, o CRO); se o cirurgi\u00e3o-dentista est\u00e1 atuando numa institui\u00e7\u00e3o (cl\u00ednica, hospital, etc.) onde seus dados n\u00e3o estejam identificados, deve ser aposto o carimbo com estes mesmos dados, e \u00e9 necess\u00e1rio que o prescritor assine a receita.<\/p>\n<p style=\"text-align: justify;\">Se for detectado, no ato do atendimento, algum problema com a medica\u00e7\u00e3o prescrita (dosagem ou posologia inadequadas, ou incompatibilidades com outros medicamentos de uso do paciente), o farmac\u00eautico dever\u00e1 pedir a confirma\u00e7\u00e3o expressa junto ao prescritor. Na aus\u00eancia ou negativa da confirma\u00e7\u00e3o, a receita n\u00e3o dever\u00e1 ser aviada, e o farmac\u00eautico pode enviar uma c\u00f3pia desta receita para o Conselho Regional de Farm\u00e1cia respectivo, para an\u00e1lise e encaminhamento ao conselho do profissional prescritor.<\/p>\n<p style=\"text-align: justify;\">Estas considera\u00e7\u00f5es visam lembrar que a prescri\u00e7\u00e3o \u00e9 parte importante no tratamento e deve merecer toda a aten\u00e7\u00e3o do profissional, sendo que a neglig\u00eancia com a mesma pode, como vimos, incorrer em san\u00e7\u00f5es para o mesmo.<\/p>\n<p style=\"text-align: center; padding-left: 450px;\"><span style=\"font-size: small;\"><em><strong>Vera L\u00facia Pivello<br \/>\n<\/strong><\/em><em><strong>Farmac\u00eautica-bioqu\u00edmica da APCD<br \/>\n<\/strong><\/em><em><strong>Fonte: Portal APCD<\/strong><\/em><\/span><\/p>\n<p style=\"text-align: center;\"><strong><br \/>\nDocumentos exigidos para fornecimento de autoriza\u00e7\u00e3o para confec\u00e7\u00e3o do Receitu\u00e1rio Azul e o de Controle Especial:<br \/>\n<\/strong>Original e c\u00f3pia da carteira do <em>CRO<\/em>, comprovante de endere\u00e7o (consult\u00f3rio), carimbo com nome do profissional.<\/p>\n<p style=\"text-align: center;\"><strong><em>Secretaria de Vigil\u00e2ncia Sanit\u00e1ria do Minist\u00e9rio da Sa\u00fade<\/em><\/strong><br \/>\n<strong><em>Rua M\u00e9xico, 128, 3\u00ba andar, Centro, RJ<br \/>\nTel.: (21)\u00a02333-3807\/3786 Ramal: 262<\/em><\/strong><\/p>\n<\/div><\/section>\n","protected":false},"excerpt":{"rendered":"","protected":false},"author":1,"featured_media":0,"parent":0,"menu_order":4,"comment_status":"closed","ping_status":"closed","template":"","meta":{"footnotes":""},"class_list":["post-99","page","type-page","status-publish","hentry"],"_links":{"self":[{"href":"https:\/\/scdrj.org.br\/2022\/wp-json\/wp\/v2\/pages\/99","targetHints":{"allow":["GET"]}}],"collection":[{"href":"https:\/\/scdrj.org.br\/2022\/wp-json\/wp\/v2\/pages"}],"about":[{"href":"https:\/\/scdrj.org.br\/2022\/wp-json\/wp\/v2\/types\/page"}],"author":[{"embeddable":true,"href":"https:\/\/scdrj.org.br\/2022\/wp-json\/wp\/v2\/users\/1"}],"replies":[{"embeddable":true,"href":"https:\/\/scdrj.org.br\/2022\/wp-json\/wp\/v2\/comments?post=99"}],"version-history":[{"count":2,"href":"https:\/\/scdrj.org.br\/2022\/wp-json\/wp\/v2\/pages\/99\/revisions"}],"predecessor-version":[{"id":3506,"href":"https:\/\/scdrj.org.br\/2022\/wp-json\/wp\/v2\/pages\/99\/revisions\/3506"}],"wp:attachment":[{"href":"https:\/\/scdrj.org.br\/2022\/wp-json\/wp\/v2\/media?parent=99"}],"curies":[{"name":"wp","href":"https:\/\/api.w.org\/{rel}","templated":true}]}}